{"id":3483,"date":"2015-11-16T17:01:59","date_gmt":"2015-11-16T23:01:59","guid":{"rendered":"http:\/\/wordpress.shsdc.org\/?page_id=3483"},"modified":"2016-11-28T10:55:35","modified_gmt":"2016-11-28T16:55:35","slug":"select-provider","status":"publish","type":"page","link":"https:\/\/www.shawneehealth.com\/es\/resources\/select-provider\/","title":{"rendered":"Seleccionar un proveedor"},"content":{"rendered":"<div class='grid-row clearfix'><div class='grid-col grid-col-12'><section class='cws-widget'><section class='cws_widget_content'>\n<h2><span style=\"color: #008080;\">Mejores m\u00e9todos para seleccionar un profesional de la salud<\/span><\/h2>\n<p>\u201cEncontrar un m\u00e9dico personal o un profesional de la salud es un paso importante para llevar un estilo de vida m\u00e1s saludable\u201d, dice Patsy Jensen, directora ejecutiva de Shawnee Health Service. \u201cLos mejores m\u00e9dicos le ofrecen un enfoque de atenci\u00f3n centrado en el paciente y lo ayudan a concentrarse en la prevenci\u00f3n y el bienestar. Brindan soluciones creativas a los problemas de salud y lo mantienen informado sobre sus condiciones de salud &quot;.<\/p>\n<p><strong>A continuaci\u00f3n, se incluyen algunos elementos que debe considerar cuando busque un nuevo m\u00e9dico o practicante:<\/strong><\/p>\n<h3><span style=\"color: #008080;\">SATISFACER SUS NECESIDADES<\/span><\/h3>\n<p>Los expertos recomiendan seleccionar un m\u00e9dico de atenci\u00f3n primaria. Este profesional puede ser un m\u00e9dico en Medicina Familiar o Medicina Interna. A menudo, los m\u00e9dicos de atenci\u00f3n primaria tienen asistentes m\u00e9dicos o enfermeras practicantes que trabajan en sus consultorios bajo su supervisi\u00f3n. En algunas circunstancias, una persona puede preferir seleccionar un m\u00e9dico que ejerza dentro de una especialidad en particular. Las mujeres pueden sentirse m\u00e1s c\u00f3modas con un obstetra \/ ginec\u00f3logo (OB \/ GYN) como m\u00e9dico de atenci\u00f3n primaria. Un pediatra puede ser el m\u00e9dico de atenci\u00f3n primaria de los ni\u00f1os. Las personas mayores incluso podr\u00edan tener un geriatra como su m\u00e9dico de atenci\u00f3n primaria. Su m\u00e9dico de atenci\u00f3n primaria debe poder comprender y gestionar sus necesidades m\u00e9dicas, as\u00ed como ofrecerle las derivaciones adecuadas en caso de que necesite un especialista.<\/p>\n<h3><span style=\"color: #008080;\">SEGURO O COBERTURA M\u00c9DICA<\/span><\/h3>\n<p>Su elecci\u00f3n de m\u00e9dico puede estar limitada por su compa\u00f1\u00eda de seguro m\u00e9dico o su cobertura m\u00e9dica. Las compa\u00f1\u00edas de seguros tienen contratos con pr\u00e1cticas individuales o grupales. Es muy probable que no pueda salir de la red de proveedores de su aseguradora sin pagar una tarifa adicional. Algunas compa\u00f1\u00edas de seguros no imponen restricciones a su elecci\u00f3n de m\u00e9dicos. Si est\u00e1 cubierto por Medicare (cobertura para personas mayores de 65 a\u00f1os o personas de cualquier edad con una discapacidad) o Medicaid (cobertura para personas calificadas proporcionada por el estado donde vive), debe confirmar que su m\u00e9dico acepta su cobertura y enviar\u00e1 reclamaciones para usted.<\/p>\n<h3><span style=\"color: #008080;\">CONVENIENCIA<\/span><\/h3>\n<p>La comodidad es otro factor importante a la hora de elegir un m\u00e9dico. El consultorio de su m\u00e9dico debe ser f\u00e1cilmente accesible desde su hogar o lugar de trabajo. Es posible que desee saber si su m\u00e9dico tiene privilegios de admisi\u00f3n en su hospital preferido. Hoy en d\u00eda, la mayor\u00eda de los m\u00e9dicos hacen arreglos para que un m\u00e9dico hospitalista administre su atenci\u00f3n durante la estad\u00eda en el hospital.<\/p>\n<p>Pregunte d\u00f3nde puede su m\u00e9dico realizar pruebas y procedimientos de diagn\u00f3stico. Algunos m\u00e9dicos pueden utilizar una instalaci\u00f3n separada en lugar de sus propios consultorios.<\/p>\n<p>Descubra c\u00f3mo funciona el proceso de citas en el consultorio de su m\u00e9dico.<\/p>\n<p>La mayor\u00eda de los consultorios m\u00e9dicos programan la pr\u00f3xima visita antes de salir del consultorio y brindan llamadas de recordatorio de citas. Muchos consultorios m\u00e9dicos ofrecen citas el mismo d\u00eda a pacientes establecidos cuando surge una necesidad urgente.<\/p>\n<p>Idealmente, su primera visita incluir\u00e1 un examen f\u00edsico de rutina y documentaci\u00f3n de su historial m\u00e9dico. Est\u00e9 preparado para conocer sus diagn\u00f3sticos anteriores, medicamentos, fechas de procedimientos m\u00e9dicos, cirug\u00edas u hospitalizaciones. Si tiene un historial m\u00e9dico complejo, es posible que desee hacer arreglos para que se transfieran los registros a su nuevo consultorio m\u00e9dico.<\/p>\n<h3><span style=\"color: #008080;\">SOLICITAR REFERENCIAS<\/span><\/h3>\n<p>Una recomendaci\u00f3n de familiares, amigos y otras fuentes confiables es la forma m\u00e1s com\u00fan de encontrar un nuevo m\u00e9dico. Las personas con gusto dar\u00e1n referencias cuando hayan tenido experiencias positivas con sus proveedores de atenci\u00f3n m\u00e9dica. Esta puede ser la mejor manera de aprender sobre la filosof\u00eda de la pr\u00e1ctica, la personalidad y las habilidades de comunicaci\u00f3n de un practicante.<\/p>\n<p>Es posible que desee considerar un Centro de salud calificado federalmente en su comunidad.<\/p>\n<p>Adem\u00e1s de brindar atenci\u00f3n m\u00e9dica primaria, tambi\u00e9n pueden ofrecer servicios dentales, asesoramiento nutricional, salud conductual y servicios de administraci\u00f3n de casos.<\/p>\n<p>Otros recursos incluyen sitios web para su hospital local u organizaciones de salud. Algunas comunidades tienen centros de atenci\u00f3n telef\u00f3nica para enfermeras o puede consultar con su departamento de salud local para que le oriente hacia un tipo particular de m\u00e9dico o servicio m\u00e9dico. Los directorios telef\u00f3nicos y los directorios en l\u00ednea tambi\u00e9n enumeran a los m\u00e9dicos por tipo de especialidad.<\/p>\n<p>No todos los m\u00e9dicos aceptan nuevos pacientes. Una vez que tenga el nombre de un m\u00e9dico que le interese, comun\u00edquese con su oficina para asegurarse de que aceptar\u00e1n nuevos pacientes, as\u00ed como el seguro o la cobertura que tiene y para conocer cualquier asunto de importancia para usted.<\/p>\n<p>Es posible que desee confirmar que su m\u00e9dico tiene una licencia actual para ejercer con la junta m\u00e9dica estatal. Este organismo de licencias tambi\u00e9n le informar\u00e1 si tiene alguna acci\u00f3n disciplinaria pendiente o quejas.<\/p>\n<\/section><\/section><\/div><\/div>","protected":false},"excerpt":{"rendered":"","protected":false},"author":2,"featured_media":0,"parent":3232,"menu_order":0,"comment_status":"closed","ping_status":"closed","template":"","meta":{"footnotes":""},"class_list":["post-3483","page","type-page","status-publish","hentry"],"yoast_head":"<!-- This site is optimized with the Yoast SEO Premium plugin v27.4 (Yoast SEO v27.4) - https:\/\/yoast.com\/product\/yoast-seo-premium-wordpress\/ -->\n<title>Selecting a Provider &#183; Shawnee Health<\/title>\n<meta name=\"robots\" content=\"index, follow, max-snippet:-1, max-image-preview:large, max-video-preview:-1\" \/>\n<link rel=\"canonical\" href=\"https:\/\/www.shawneehealth.com\/es\/resources\/select-provider\/\" \/>\n<meta property=\"og:locale\" content=\"es_MX\" \/>\n<meta property=\"og:type\" content=\"article\" \/>\n<meta property=\"og:title\" content=\"Selecting a Provider\" \/>\n<meta property=\"og:url\" content=\"https:\/\/www.shawneehealth.com\/es\/resources\/select-provider\/\" \/>\n<meta property=\"og:site_name\" content=\"Shawnee Health\" \/>\n<meta property=\"article:publisher\" content=\"https:\/\/www.facebook.com\/shawneehealthservice\/\" \/>\n<meta property=\"article:modified_time\" content=\"2016-11-28T16:55:35+00:00\" \/>\n<meta property=\"og:image\" content=\"https:\/\/www.shawneehealth.com\/wp-content\/uploads\/2022\/08\/Shawnee-Color-e1660838904236.jpg\" \/>\n\t<meta property=\"og:image:width\" content=\"340\" \/>\n\t<meta property=\"og:image:height\" content=\"136\" \/>\n\t<meta property=\"og:image:type\" content=\"image\/jpeg\" \/>\n<meta name=\"twitter:card\" content=\"summary_large_image\" \/>\n<meta name=\"twitter:label1\" content=\"Tiempo de lectura\" \/>\n\t<meta name=\"twitter:data1\" content=\"4 minutos\" \/>\n<script type=\"application\/ld+json\" class=\"yoast-schema-graph\">{\"@context\":\"https:\\\/\\\/schema.org\",\"@graph\":[{\"@type\":\"WebPage\",\"@id\":\"https:\\\/\\\/www.shawneehealth.com\\\/resources\\\/select-provider\\\/\",\"url\":\"https:\\\/\\\/www.shawneehealth.com\\\/resources\\\/select-provider\\\/\",\"name\":\"Selecting a Provider &#183; Shawnee Health\",\"isPartOf\":{\"@id\":\"https:\\\/\\\/www.shawneehealth.com\\\/zh\\\/#website\"},\"datePublished\":\"2015-11-16T23:01:59+00:00\",\"dateModified\":\"2016-11-28T16:55:35+00:00\",\"breadcrumb\":{\"@id\":\"https:\\\/\\\/www.shawneehealth.com\\\/resources\\\/select-provider\\\/#breadcrumb\"},\"inLanguage\":\"es\",\"potentialAction\":[{\"@type\":\"ReadAction\",\"target\":[\"https:\\\/\\\/www.shawneehealth.com\\\/resources\\\/select-provider\\\/\"]}]},{\"@type\":\"BreadcrumbList\",\"@id\":\"https:\\\/\\\/www.shawneehealth.com\\\/resources\\\/select-provider\\\/#breadcrumb\",\"itemListElement\":[{\"@type\":\"ListItem\",\"position\":1,\"name\":\"Home\",\"item\":\"https:\\\/\\\/www.shawneehealth.com\\\/\"},{\"@type\":\"ListItem\",\"position\":2,\"name\":\"Patient\\\/Client Resources\",\"item\":\"https:\\\/\\\/www.shawneehealth.com\\\/resources\\\/\"},{\"@type\":\"ListItem\",\"position\":3,\"name\":\"Selecting a Provider\"}]},{\"@type\":\"WebSite\",\"@id\":\"https:\\\/\\\/www.shawneehealth.com\\\/zh\\\/#website\",\"url\":\"https:\\\/\\\/www.shawneehealth.com\\\/zh\\\/\",\"name\":\"Shawnee Health\",\"description\":\"Your Health Home\",\"publisher\":{\"@id\":\"https:\\\/\\\/www.shawneehealth.com\\\/zh\\\/#organization\"},\"potentialAction\":[{\"@type\":\"SearchAction\",\"target\":{\"@type\":\"EntryPoint\",\"urlTemplate\":\"https:\\\/\\\/www.shawneehealth.com\\\/zh\\\/?s={search_term_string}\"},\"query-input\":{\"@type\":\"PropertyValueSpecification\",\"valueRequired\":true,\"valueName\":\"search_term_string\"}}],\"inLanguage\":\"es\"},{\"@type\":\"Organization\",\"@id\":\"https:\\\/\\\/www.shawneehealth.com\\\/zh\\\/#organization\",\"name\":\"Shawnee Health Service\",\"url\":\"https:\\\/\\\/www.shawneehealth.com\\\/zh\\\/\",\"logo\":{\"@type\":\"ImageObject\",\"inLanguage\":\"es\",\"@id\":\"https:\\\/\\\/www.shawneehealth.com\\\/zh\\\/#\\\/schema\\\/logo\\\/image\\\/\",\"url\":\"https:\\\/\\\/www.shawneehealth.com\\\/wp-content\\\/uploads\\\/2022\\\/08\\\/Shawnee-Color-S-e1660838796930.png\",\"contentUrl\":\"https:\\\/\\\/www.shawneehealth.com\\\/wp-content\\\/uploads\\\/2022\\\/08\\\/Shawnee-Color-S-e1660838796930.png\",\"width\":300,\"height\":332,\"caption\":\"Shawnee Health Service\"},\"image\":{\"@id\":\"https:\\\/\\\/www.shawneehealth.com\\\/zh\\\/#\\\/schema\\\/logo\\\/image\\\/\"},\"sameAs\":[\"https:\\\/\\\/www.facebook.com\\\/shawneehealthservice\\\/\",\"https:\\\/\\\/www.linkedin.com\\\/company\\\/shawnee-health-service\\\/\",\"https:\\\/\\\/www.youtube.com\\\/channel\\\/UCY7I0On_12NT5noj3PeCg4g\"]}]}<\/script>\n<!-- \/ Yoast SEO Premium plugin. -->","yoast_head_json":{"title":"C\u00f3mo seleccionar un proveedor \u00b7 Shawnee Health","robots":{"index":"index","follow":"follow","max-snippet":"max-snippet:-1","max-image-preview":"max-image-preview:large","max-video-preview":"max-video-preview:-1"},"canonical":"https:\/\/www.shawneehealth.com\/es\/resources\/select-provider\/","og_locale":"es_MX","og_type":"article","og_title":"Selecting a Provider","og_url":"https:\/\/www.shawneehealth.com\/es\/resources\/select-provider\/","og_site_name":"Shawnee Health","article_publisher":"https:\/\/www.facebook.com\/shawneehealthservice\/","article_modified_time":"2016-11-28T16:55:35+00:00","og_image":[{"width":340,"height":136,"url":"https:\/\/www.shawneehealth.com\/wp-content\/uploads\/2022\/08\/Shawnee-Color-e1660838904236.jpg","type":"image\/jpeg"}],"twitter_card":"summary_large_image","twitter_misc":{"Tiempo de lectura":"4 minutos"},"schema":{"@context":"https:\/\/schema.org","@graph":[{"@type":"WebPage","@id":"https:\/\/www.shawneehealth.com\/resources\/select-provider\/","url":"https:\/\/www.shawneehealth.com\/resources\/select-provider\/","name":"C\u00f3mo seleccionar un proveedor \u00b7 Shawnee Health","isPartOf":{"@id":"https:\/\/www.shawneehealth.com\/zh\/#website"},"datePublished":"2015-11-16T23:01:59+00:00","dateModified":"2016-11-28T16:55:35+00:00","breadcrumb":{"@id":"https:\/\/www.shawneehealth.com\/resources\/select-provider\/#breadcrumb"},"inLanguage":"es","potentialAction":[{"@type":"ReadAction","target":["https:\/\/www.shawneehealth.com\/resources\/select-provider\/"]}]},{"@type":"BreadcrumbList","@id":"https:\/\/www.shawneehealth.com\/resources\/select-provider\/#breadcrumb","itemListElement":[{"@type":"ListItem","position":1,"name":"Home","item":"https:\/\/www.shawneehealth.com\/"},{"@type":"ListItem","position":2,"name":"Patient\/Client Resources","item":"https:\/\/www.shawneehealth.com\/resources\/"},{"@type":"ListItem","position":3,"name":"Selecting a Provider"}]},{"@type":"WebSite","@id":"https:\/\/www.shawneehealth.com\/zh\/#website","url":"https:\/\/www.shawneehealth.com\/zh\/","name":"Salud de Shawnee","description":"Tu hogar de salud","publisher":{"@id":"https:\/\/www.shawneehealth.com\/zh\/#organization"},"potentialAction":[{"@type":"SearchAction","target":{"@type":"EntryPoint","urlTemplate":"https:\/\/www.shawneehealth.com\/zh\/?s={search_term_string}"},"query-input":{"@type":"PropertyValueSpecification","valueRequired":true,"valueName":"search_term_string"}}],"inLanguage":"es"},{"@type":"Organization","@id":"https:\/\/www.shawneehealth.com\/zh\/#organization","name":"Servicio de salud de Shawnee","url":"https:\/\/www.shawneehealth.com\/zh\/","logo":{"@type":"ImageObject","inLanguage":"es","@id":"https:\/\/www.shawneehealth.com\/zh\/#\/schema\/logo\/image\/","url":"https:\/\/www.shawneehealth.com\/wp-content\/uploads\/2022\/08\/Shawnee-Color-S-e1660838796930.png","contentUrl":"https:\/\/www.shawneehealth.com\/wp-content\/uploads\/2022\/08\/Shawnee-Color-S-e1660838796930.png","width":300,"height":332,"caption":"Shawnee Health Service"},"image":{"@id":"https:\/\/www.shawneehealth.com\/zh\/#\/schema\/logo\/image\/"},"sameAs":["https:\/\/www.facebook.com\/shawneehealthservice\/","https:\/\/www.linkedin.com\/company\/shawnee-health-service\/","https:\/\/www.youtube.com\/channel\/UCY7I0On_12NT5noj3PeCg4g"]}]}},"_links":{"self":[{"href":"https:\/\/www.shawneehealth.com\/es\/wp-json\/wp\/v2\/pages\/3483","targetHints":{"allow":["GET"]}}],"collection":[{"href":"https:\/\/www.shawneehealth.com\/es\/wp-json\/wp\/v2\/pages"}],"about":[{"href":"https:\/\/www.shawneehealth.com\/es\/wp-json\/wp\/v2\/types\/page"}],"author":[{"embeddable":true,"href":"https:\/\/www.shawneehealth.com\/es\/wp-json\/wp\/v2\/users\/2"}],"replies":[{"embeddable":true,"href":"https:\/\/www.shawneehealth.com\/es\/wp-json\/wp\/v2\/comments?post=3483"}],"version-history":[{"count":0,"href":"https:\/\/www.shawneehealth.com\/es\/wp-json\/wp\/v2\/pages\/3483\/revisions"}],"up":[{"embeddable":true,"href":"https:\/\/www.shawneehealth.com\/es\/wp-json\/wp\/v2\/pages\/3232"}],"wp:attachment":[{"href":"https:\/\/www.shawneehealth.com\/es\/wp-json\/wp\/v2\/media?parent=3483"}],"curies":[{"name":"wp","href":"https:\/\/api.w.org\/{rel}","templated":true}]}}