{"id":4220,"date":"2015-12-22T12:24:01","date_gmt":"2015-12-22T18:24:01","guid":{"rendered":"http:\/\/wordpress.shsdc.org\/?page_id=4220"},"modified":"2025-09-22T11:51:53","modified_gmt":"2025-09-22T16:51:53","slug":"shc-murphysboro","status":"publish","type":"page","link":"https:\/\/www.shawneehealth.com\/es\/locations\/shc-murphysboro\/","title":{"rendered":"Salud Shawnee, Murphysboro"},"content":{"rendered":"<div class='grid-row clearfix'><div class='grid-col grid-col-6'><section class='cws-widget'><section class='cws_widget_content'>\n<p><span style=\"font-size: 120%; line-height: 130%;\" data-mce-style=\"font-size: 120%; line-height: 130%;\"><a href=\"https:\/\/maps.google.com\/?q=7 South Hospital Drive Murphysboro, Illinois 62966\" target=\"_blank\" rel=\"noopener\" data-mce-href=\"https:\/\/maps.google.com\/?q=7 South Hospital Drive Murphysboro, Illinois 62966\">7 S. Hospital Dr.<\/a><br \/><a href=\"https:\/\/maps.google.com\/?q=7 South Hospital Drive Murphysboro, Illinois 62966\" target=\"_blank\" rel=\"noopener\" data-mce-href=\"https:\/\/maps.google.com\/?q=7 South Hospital Drive Murphysboro, Illinois 62966\">Murphysboro, Illinois 62966<\/a><\/span><\/p>\n<p class=\"top-space\"><a href='https:\/\/maps.google.com\/?q=7+South+Hospital+Drive+Marion+IL+62966'  target='_blank' class='cws_button mini'>Mapa<\/a>\n<h3>HORAS<\/h3>\n<p><span style=\"display: inline-block; width: 125px; line-height: 150%;\" data-mce-style=\"display: inline-block; width: 125px; line-height: 150%;\">Lunes:<\/span> <strong>7:45<\/strong> soy - <strong>5:00<\/strong> pm<br \/><span style=\"display: inline-block; width: 125px; line-height: 150%;\" data-mce-style=\"display: inline-block; width: 125px; line-height: 150%;\">Martes:<\/span> <strong>7:45<\/strong> soy - <strong>7:00<\/strong> pm<br \/><span style=\"display: inline-block; width: 125px; line-height: 150%;\" data-mce-style=\"display: inline-block; width: 125px; line-height: 150%;\">Mi\u00e9rcoles:<\/span> <strong>7:45<\/strong> soy - <strong>5:00<\/strong> pm<br \/><span style=\"display: inline-block; width: 125px; line-height: 150%;\" data-mce-style=\"display: inline-block; width: 125px; line-height: 150%;\">Jueves:<\/span> <strong>7:45<\/strong> soy - <strong>5:00<\/strong> pm<br \/><span style=\"display: inline-block; width: 125px; line-height: 150%;\" data-mce-style=\"display: inline-block; width: 125px; line-height: 150%;\">Viernes:<\/span> <strong>7:45<\/strong> soy - <strong>5:00<\/strong> pm&nbsp;<\/p>\n<h3>Servicios proporcionados aqu\u00ed<\/h3>\n<ul>\n<li><strong><a href=\"\/es\/services\/addiction-medicine\/\" data-mce-href=\"\/services\/addiction-medicine\/\">Medicina de la adicci\u00f3n<\/a><\/strong><\/li>\n<li><strong><a href=\"\/es\/services\/counseling\/\" data-mce-href=\"\/services\/counseling\/\">Asesoramiento<\/a><\/strong><\/li>\n<li><strong><a href=\"\/es\/services\/family-medicine\/\" data-mce-href=\"\/services\/family-medicine\/\">Medicina Familiar<\/a><\/strong><\/li>\n<li><strong><a href=\"\/es\/services\/pharmacy\/\" data-mce-href=\"\/services\/pharmacy\/\">Farmacia<\/a><\/strong><\/li>\n<li><strong><a href=\"\/es\/services\/care-coordination-case-management\/\" data-mce-href=\"\/services\/care-coordination-case-management\/\">Gesti\u00f3n de casos y coordinaci\u00f3n de la atenci\u00f3n<\/a><\/strong><\/li>\n<li><strong><a href=\"\/es\/services\/nutrition\/\" data-mce-href=\"\/services\/nutrition\/\">Servicios de nutrici\u00f3n<\/a><\/strong><\/li>\n<li><strong><a href=\"\/es\/services\/application-assistance\/\" data-mce-href=\"\/services\/application-assistance\/\">Asistencia de inscripci\u00f3n<\/a><\/strong><\/li>\n<li><strong><a href=\"\/es\/h\/services\/farmworker-health-program\/\" data-mce-href=\"h\/services\/farmworker-health-program\/\">Programa de Salud para Trabajadores Agr\u00edcolas (Programa de Salud para el Trabajador de la Agricultura)<\/a><\/strong><\/li>\n<\/ul>\n<\/section><\/section><\/div><div class='grid-col grid-col-6'><section class='cws-widget'><section class='cws_widget_content'>\n<div class=\"mceTemp\">\n<dl id=\"attachment_3824\" class=\"wp-caption aligncenter\" style=\"width: 300px;\" data-mce-style=\"width: 300px;\">\n<dt class=\"wp-caption-dt\"><img decoding=\"async\" class=\"wp-image-8241 size-medium aligncenter lazyload\" data-src=\"https:\/\/www.shawneehealth.com\/wp-content\/uploads\/2024\/09\/Murphy-Low-1-300x300.jpg\" alt=\"\" width=\"300\" height=\"300\" data-mce-data-src=\"https:\/\/www.shawneehealth.com\/wp-content\/uploads\/2024\/09\/Murphy-Low-1-300x300.jpg\" data-srcset=\"https:\/\/shawneehealth1.wpenginepowered.com\/wp-content\/uploads\/2024\/09\/Murphy-Low-1-300x300.jpg 300w, https:\/\/shawneehealth1.wpenginepowered.com\/wp-content\/uploads\/2024\/09\/Murphy-Low-1-1024x1024.jpg 1024w, https:\/\/shawneehealth1.wpenginepowered.com\/wp-content\/uploads\/2024\/09\/Murphy-Low-1-150x150.jpg 150w, https:\/\/shawneehealth1.wpenginepowered.com\/wp-content\/uploads\/2024\/09\/Murphy-Low-1-16x16.jpg 16w, https:\/\/shawneehealth1.wpenginepowered.com\/wp-content\/uploads\/2024\/09\/Murphy-Low-1-32x32.jpg 32w, https:\/\/shawneehealth1.wpenginepowered.com\/wp-content\/uploads\/2024\/09\/Murphy-Low-1-48x48.jpg 48w, https:\/\/shawneehealth1.wpenginepowered.com\/wp-content\/uploads\/2024\/09\/Murphy-Low-1-1536x1536.jpg 1536w, https:\/\/shawneehealth1.wpenginepowered.com\/wp-content\/uploads\/2024\/09\/Murphy-Low-1-2048x2048.jpg 2048w\" data-sizes=\"(max-width: 300px) 100vw, 300px\" src=\"data:image\/svg+xml;base64,PHN2ZyB3aWR0aD0iMSIgaGVpZ2h0PSIxIiB4bWxucz0iaHR0cDovL3d3dy53My5vcmcvMjAwMC9zdmciPjwvc3ZnPg==\" style=\"--smush-placeholder-width: 300px; --smush-placeholder-aspect-ratio: 300\/300;\" \/><\/dt>\n<dd class=\"wp-caption-dd\">Salud de Shawnee<\/dd>\n<\/dl>\n<\/div>\n<p style=\"text-align: center; font-size: 120%;\" data-mce-style=\"text-align: center; font-size: 120%;\"><strong>(618) 519-9200<\/strong><\/p>\n<p style=\"text-align: center;\" data-mce-style=\"text-align: center;\"><span style=\"line-height: 150%;\" data-mce-style=\"line-height: 150%;\"><strong><a href='\/index.php\/visit-preparation\/'  class='cws_button rounded small'>Preparaci\u00f3n de la visita<\/a><\/strong><\/span><\/p>\n<p style=\"text-align: center;\" data-mce-style=\"text-align: center;\"><a href='#https:\/\/consumer.scheduling.athena.io\/?locationId=14668-2'  class='cws_button rounded small'>Schedule Appointment Online<\/a>\n<\/section><\/section><\/div><\/div><div class='grid-row clearfix'><div class='grid-col grid-col-12'><section class='cws-widget'><div class=\"cws_widget\"><div class=\"cws_widget_content\"><section class=\"photo_tour_section cws_widget\"><div class='photo_tour_section_header clearfix'><div class='widget-title'><\/div><\/div><div class='our_team news-pinterest news--1' ><div class=\"grid isotope\" data-filter=\"family-medicine-murphysboro,internal-medicine-murphysboro\" data-cols=\"-1\" data-aurl=\"https:\/\/www.shawneehealth.com\/wp-content\/themes\/clinico\/core\/portfolio-cols.php\" data-use-filter=\"0\" data-ppp=\"-1\" data-blogtype=\"pinterest\" data-sb-block=\"right\" data-cp-type=\"staff\" ><div class=\"item\" data-category=\"336122\"><div class=\"pic\"><a href=\"https:\/\/www.shawneehealth.com\/es\/staff\/cheryl-ellis-apn\/\"><img decoding=\"async\" data-src=\"https:\/\/www.shawneehealth.com\/wp-content\/uploads\/bfi_thumb\/IMG_5298-scaled-e1775674449167-3ou2hbi2yg6e7ykvgt3shs.jpg\" alt=\"\" src=\"data:image\/svg+xml;base64,PHN2ZyB3aWR0aD0iMSIgaGVpZ2h0PSIxIiB4bWxucz0iaHR0cDovL3d3dy53My5vcmcvMjAwMC9zdmciPjwvc3ZnPg==\" class=\"lazyload\" style=\"--smush-placeholder-width: 270px; --smush-placeholder-aspect-ratio: 270\/270;\"><\/a><\/div><div class='team_member_info'><a href='https:\/\/www.shawneehealth.com\/es\/staff\/cheryl-ellis-apn\/'><div class='name'>Cheryl Ellis, APN<\/div><\/a><div class='positions'>Medicina Familiar<\/div><\/div><\/div><div class=\"item\" data-category=\"337336122\"><div class=\"pic\"><a href=\"https:\/\/www.shawneehealth.com\/es\/staff\/lisa-baranski-pa-c\/\"><img decoding=\"async\" data-src=\"https:\/\/www.shawneehealth.com\/wp-content\/uploads\/bfi_thumb\/Lisa-Baranski-250x250-1-3ioit94dat77zdwnc4n5kw.jpg\" alt=\"\" src=\"data:image\/svg+xml;base64,PHN2ZyB3aWR0aD0iMSIgaGVpZ2h0PSIxIiB4bWxucz0iaHR0cDovL3d3dy53My5vcmcvMjAwMC9zdmciPjwvc3ZnPg==\" class=\"lazyload\" style=\"--smush-placeholder-width: 270px; --smush-placeholder-aspect-ratio: 270\/270;\"><\/a><\/div><div class='team_member_info'><a href='https:\/\/www.shawneehealth.com\/es\/staff\/lisa-baranski-pa-c\/'><div class='name'>Lisa Baranski, PA-C<\/div><\/a><div class='positions'>Medicina Familiar<\/div><\/div><\/div><div class=\"item\" data-category=\"337120336122\"><div class=\"pic\"><a href=\"https:\/\/www.shawneehealth.com\/es\/staff\/teressa-johnson-apn\/\"><img decoding=\"async\" data-src=\"https:\/\/www.shawneehealth.com\/wp-content\/uploads\/bfi_thumb\/Teresa-J-250x250-1-3ig6g84lpcmixojsny7qio.jpg\" alt=\"\" src=\"data:image\/svg+xml;base64,PHN2ZyB3aWR0aD0iMSIgaGVpZ2h0PSIxIiB4bWxucz0iaHR0cDovL3d3dy53My5vcmcvMjAwMC9zdmciPjwvc3ZnPg==\" class=\"lazyload\" style=\"--smush-placeholder-width: 270px; --smush-placeholder-aspect-ratio: 270\/270;\"><\/a><\/div><div class='team_member_info'><a href='https:\/\/www.shawneehealth.com\/es\/staff\/teressa-johnson-apn\/'><div class='name'>Teresa Johnson, APN<\/div><\/a><div class='positions'>Medicina Familiar<\/div><\/div><\/div><div class=\"item\" data-category=\"33793336122\"><div class=\"pic\"><a href=\"https:\/\/www.shawneehealth.com\/es\/staff\/brandi-swift-apn\/\"><img decoding=\"async\" data-src=\"https:\/\/www.shawneehealth.com\/wp-content\/uploads\/bfi_thumb\/Brandi-S-250x250-1-3ig6ihjqyy0jt48q9a0mio.jpg\" alt=\"\" src=\"data:image\/svg+xml;base64,PHN2ZyB3aWR0aD0iMSIgaGVpZ2h0PSIxIiB4bWxucz0iaHR0cDovL3d3dy53My5vcmcvMjAwMC9zdmciPjwvc3ZnPg==\" class=\"lazyload\" style=\"--smush-placeholder-width: 270px; --smush-placeholder-aspect-ratio: 270\/270;\"><\/a><\/div><div class='team_member_info'><a href='https:\/\/www.shawneehealth.com\/es\/staff\/brandi-swift-apn\/'><div class='name'>Brandi Swift, APN<\/div><\/a><div class='positions'>Medicina Familiar<\/div><\/div><\/div><div class=\"item\" data-category=\"1113379333512211892\"><div class=\"pic\"><a href=\"https:\/\/www.shawneehealth.com\/es\/staff\/dr-jeff-ripperda\/\"><img decoding=\"async\" data-src=\"https:\/\/www.shawneehealth.com\/wp-content\/uploads\/bfi_thumb\/Jeff-R-250x250-1-3ig6kxi3zr4d72qzvnflz4.jpg\" alt=\"\" src=\"data:image\/svg+xml;base64,PHN2ZyB3aWR0aD0iMSIgaGVpZ2h0PSIxIiB4bWxucz0iaHR0cDovL3d3dy53My5vcmcvMjAwMC9zdmciPjwvc3ZnPg==\" class=\"lazyload\" style=\"--smush-placeholder-width: 270px; --smush-placeholder-aspect-ratio: 270\/270;\"><\/a><\/div><div class='team_member_info'><a href='https:\/\/www.shawneehealth.com\/es\/staff\/dr-jeff-ripperda\/'><div class='name'>Jeff Ripperda, MD<\/div><\/a><div class='positions'>Medicina familiar \/ obstetra \/ adicci\u00f3n<\/div><\/div><\/div><div class=\"item\" data-category=\"1113379333512211892\"><div class=\"pic\"><a href=\"https:\/\/www.shawneehealth.com\/es\/staff\/dr-clare-fadden\/\"><img decoding=\"async\" data-src=\"https:\/\/www.shawneehealth.com\/wp-content\/uploads\/bfi_thumb\/Clare-W-250x250-1-3ig6lctyng5c8ztcvbzls0.jpg\" alt=\"\" src=\"data:image\/svg+xml;base64,PHN2ZyB3aWR0aD0iMSIgaGVpZ2h0PSIxIiB4bWxucz0iaHR0cDovL3d3dy53My5vcmcvMjAwMC9zdmciPjwvc3ZnPg==\" class=\"lazyload\" style=\"--smush-placeholder-width: 270px; --smush-placeholder-aspect-ratio: 270\/270;\"><\/a><\/div><div class='team_member_info'><a href='https:\/\/www.shawneehealth.com\/es\/staff\/dr-clare-fadden\/'><div class='name'>Clare Williams, MD<\/div><\/a><div class='positions'>Medicina familiar con OB<\/div><\/div><\/div><\/div><\/div><\/section><\/div><\/div><\/section><section class='cws-widget'><div class=\"cws_widget\"><div class=\"cws_widget_content\"><section class=\"photo_tour_section cws_widget\"><div class='photo_tour_section_header clearfix'><div class='widget-title'><\/div><\/div><div class='our_team news-pinterest news--1' ><div class=\"grid isotope\" data-filter=\"counseling-murphysboro,nutrition\" data-cols=\"-1\" data-aurl=\"https:\/\/www.shawneehealth.com\/wp-content\/themes\/clinico\/core\/portfolio-cols.php\" data-use-filter=\"0\" data-ppp=\"-1\" data-blogtype=\"pinterest\" data-sb-block=\"right\" data-cp-type=\"staff\" ><div class=\"item\" data-category=\"107199206132294\"><div class=\"pic\"><a href=\"https:\/\/www.shawneehealth.com\/es\/staff\/tiffany-allen-lcpc\/\"><img decoding=\"async\" data-src=\"https:\/\/www.shawneehealth.com\/wp-content\/uploads\/bfi_thumb\/Tiffany-A-250x250-1-3ig6qavl01f69qipnsypz4.jpg\" alt=\"\" src=\"data:image\/svg+xml;base64,PHN2ZyB3aWR0aD0iMSIgaGVpZ2h0PSIxIiB4bWxucz0iaHR0cDovL3d3dy53My5vcmcvMjAwMC9zdmciPjwvc3ZnPg==\" class=\"lazyload\" style=\"--smush-placeholder-width: 270px; --smush-placeholder-aspect-ratio: 270\/270;\"><\/a><\/div><div class='team_member_info'><a href='https:\/\/www.shawneehealth.com\/es\/staff\/tiffany-allen-lcpc\/'><div class='name'>Tiffany Allen, LCPC<\/div><\/a><div class='positions'>Consejero<\/div><\/div><\/div><div class=\"item\" data-category=\"107131132\"><div class=\"pic\"><a href=\"https:\/\/www.shawneehealth.com\/es\/staff\/ruth-karnes-lcsw\/\"><img decoding=\"async\" data-src=\"https:\/\/www.shawneehealth.com\/wp-content\/uploads\/bfi_thumb\/Ruth-K-250x250-1-3ig6rkqm4tywnfyx8zg1s0.jpg\" alt=\"\" src=\"data:image\/svg+xml;base64,PHN2ZyB3aWR0aD0iMSIgaGVpZ2h0PSIxIiB4bWxucz0iaHR0cDovL3d3dy53My5vcmcvMjAwMC9zdmciPjwvc3ZnPg==\" class=\"lazyload\" style=\"--smush-placeholder-width: 270px; --smush-placeholder-aspect-ratio: 270\/270;\"><\/a><\/div><div class='team_member_info'><a href='https:\/\/www.shawneehealth.com\/es\/staff\/ruth-karnes-lcsw\/'><div class='name'>Ruth Karnes, Trabajadora Social Licenciada<\/div><\/a><div class='positions'>Consejero<\/div><\/div><\/div><\/div><\/div><\/section><\/div><\/div><\/section><\/div><\/div>","protected":false},"excerpt":{"rendered":"","protected":false},"author":2,"featured_media":0,"parent":1031,"menu_order":0,"comment_status":"closed","ping_status":"closed","template":"","meta":{"footnotes":""},"class_list":["post-4220","page","type-page","status-publish","hentry"],"yoast_head":"<!-- This site is optimized with the Yoast SEO Premium plugin v27.4 (Yoast SEO v27.4) - https:\/\/yoast.com\/product\/yoast-seo-premium-wordpress\/ -->\n<title>Shawnee Health, Murphysboro &#183; Shawnee Health<\/title>\n<meta name=\"robots\" content=\"index, follow, max-snippet:-1, max-image-preview:large, max-video-preview:-1\" \/>\n<link rel=\"canonical\" href=\"https:\/\/www.shawneehealth.com\/es\/locations\/shc-murphysboro\/\" \/>\n<meta property=\"og:locale\" content=\"es_MX\" \/>\n<meta property=\"og:type\" content=\"article\" \/>\n<meta property=\"og:title\" content=\"Shawnee Health, Murphysboro\" \/>\n<meta property=\"og:url\" content=\"https:\/\/www.shawneehealth.com\/es\/locations\/shc-murphysboro\/\" \/>\n<meta property=\"og:site_name\" content=\"Shawnee Health\" \/>\n<meta property=\"article:publisher\" content=\"https:\/\/www.facebook.com\/shawneehealthservice\/\" \/>\n<meta property=\"article:modified_time\" content=\"2025-09-22T16:51:53+00:00\" \/>\n<meta property=\"og:image\" content=\"https:\/\/www.shawneehealth.com\/wp-content\/uploads\/2024\/09\/Murphy-Low-1-300x300.jpg\" \/>\n<meta name=\"twitter:card\" content=\"summary_large_image\" \/>\n<meta name=\"twitter:label1\" content=\"Tiempo de lectura\" \/>\n\t<meta name=\"twitter:data1\" content=\"1 minuto\" \/>\n<script type=\"application\/ld+json\" class=\"yoast-schema-graph\">{\"@context\":\"https:\\\/\\\/schema.org\",\"@graph\":[{\"@type\":\"WebPage\",\"@id\":\"https:\\\/\\\/www.shawneehealth.com\\\/locations\\\/shc-murphysboro\\\/\",\"url\":\"https:\\\/\\\/www.shawneehealth.com\\\/locations\\\/shc-murphysboro\\\/\",\"name\":\"Shawnee Health, Murphysboro &#183; Shawnee Health\",\"isPartOf\":{\"@id\":\"https:\\\/\\\/www.shawneehealth.com\\\/zh\\\/#website\"},\"primaryImageOfPage\":{\"@id\":\"https:\\\/\\\/www.shawneehealth.com\\\/locations\\\/shc-murphysboro\\\/#primaryimage\"},\"image\":{\"@id\":\"https:\\\/\\\/www.shawneehealth.com\\\/locations\\\/shc-murphysboro\\\/#primaryimage\"},\"thumbnailUrl\":\"https:\\\/\\\/www.shawneehealth.com\\\/wp-content\\\/uploads\\\/2024\\\/09\\\/Murphy-Low-1-300x300.jpg\",\"datePublished\":\"2015-12-22T18:24:01+00:00\",\"dateModified\":\"2025-09-22T16:51:53+00:00\",\"breadcrumb\":{\"@id\":\"https:\\\/\\\/www.shawneehealth.com\\\/locations\\\/shc-murphysboro\\\/#breadcrumb\"},\"inLanguage\":\"es\",\"potentialAction\":[{\"@type\":\"ReadAction\",\"target\":[\"https:\\\/\\\/www.shawneehealth.com\\\/locations\\\/shc-murphysboro\\\/\"]}]},{\"@type\":\"ImageObject\",\"inLanguage\":\"es\",\"@id\":\"https:\\\/\\\/www.shawneehealth.com\\\/locations\\\/shc-murphysboro\\\/#primaryimage\",\"url\":\"https:\\\/\\\/www.shawneehealth.com\\\/wp-content\\\/uploads\\\/2024\\\/09\\\/Murphy-Low-1-300x300.jpg\",\"contentUrl\":\"https:\\\/\\\/www.shawneehealth.com\\\/wp-content\\\/uploads\\\/2024\\\/09\\\/Murphy-Low-1-300x300.jpg\"},{\"@type\":\"BreadcrumbList\",\"@id\":\"https:\\\/\\\/www.shawneehealth.com\\\/locations\\\/shc-murphysboro\\\/#breadcrumb\",\"itemListElement\":[{\"@type\":\"ListItem\",\"position\":1,\"name\":\"Home\",\"item\":\"https:\\\/\\\/www.shawneehealth.com\\\/\"},{\"@type\":\"ListItem\",\"position\":2,\"name\":\"Locations\",\"item\":\"https:\\\/\\\/www.shawneehealth.com\\\/locations\\\/\"},{\"@type\":\"ListItem\",\"position\":3,\"name\":\"Shawnee Health, Murphysboro\"}]},{\"@type\":\"WebSite\",\"@id\":\"https:\\\/\\\/www.shawneehealth.com\\\/zh\\\/#website\",\"url\":\"https:\\\/\\\/www.shawneehealth.com\\\/zh\\\/\",\"name\":\"Shawnee Health\",\"description\":\"Your Health Home\",\"publisher\":{\"@id\":\"https:\\\/\\\/www.shawneehealth.com\\\/zh\\\/#organization\"},\"potentialAction\":[{\"@type\":\"SearchAction\",\"target\":{\"@type\":\"EntryPoint\",\"urlTemplate\":\"https:\\\/\\\/www.shawneehealth.com\\\/zh\\\/?s={search_term_string}\"},\"query-input\":{\"@type\":\"PropertyValueSpecification\",\"valueRequired\":true,\"valueName\":\"search_term_string\"}}],\"inLanguage\":\"es\"},{\"@type\":\"Organization\",\"@id\":\"https:\\\/\\\/www.shawneehealth.com\\\/zh\\\/#organization\",\"name\":\"Shawnee Health Service\",\"url\":\"https:\\\/\\\/www.shawneehealth.com\\\/zh\\\/\",\"logo\":{\"@type\":\"ImageObject\",\"inLanguage\":\"es\",\"@id\":\"https:\\\/\\\/www.shawneehealth.com\\\/zh\\\/#\\\/schema\\\/logo\\\/image\\\/\",\"url\":\"https:\\\/\\\/www.shawneehealth.com\\\/wp-content\\\/uploads\\\/2022\\\/08\\\/Shawnee-Color-S-e1660838796930.png\",\"contentUrl\":\"https:\\\/\\\/www.shawneehealth.com\\\/wp-content\\\/uploads\\\/2022\\\/08\\\/Shawnee-Color-S-e1660838796930.png\",\"width\":300,\"height\":332,\"caption\":\"Shawnee Health Service\"},\"image\":{\"@id\":\"https:\\\/\\\/www.shawneehealth.com\\\/zh\\\/#\\\/schema\\\/logo\\\/image\\\/\"},\"sameAs\":[\"https:\\\/\\\/www.facebook.com\\\/shawneehealthservice\\\/\",\"https:\\\/\\\/www.linkedin.com\\\/company\\\/shawnee-health-service\\\/\",\"https:\\\/\\\/www.youtube.com\\\/channel\\\/UCY7I0On_12NT5noj3PeCg4g\"]}]}<\/script>\n<!-- \/ Yoast SEO Premium plugin. -->","yoast_head_json":{"title":"Salud Shawnee, Murphysboro \u00b7 Salud Shawnee","robots":{"index":"index","follow":"follow","max-snippet":"max-snippet:-1","max-image-preview":"max-image-preview:large","max-video-preview":"max-video-preview:-1"},"canonical":"https:\/\/www.shawneehealth.com\/es\/locations\/shc-murphysboro\/","og_locale":"es_MX","og_type":"article","og_title":"Shawnee Health, Murphysboro","og_url":"https:\/\/www.shawneehealth.com\/es\/locations\/shc-murphysboro\/","og_site_name":"Shawnee Health","article_publisher":"https:\/\/www.facebook.com\/shawneehealthservice\/","article_modified_time":"2025-09-22T16:51:53+00:00","og_image":[{"url":"https:\/\/www.shawneehealth.com\/wp-content\/uploads\/2024\/09\/Murphy-Low-1-300x300.jpg","type":"","width":"","height":""}],"twitter_card":"summary_large_image","twitter_misc":{"Tiempo de lectura":"1 minuto"},"schema":{"@context":"https:\/\/schema.org","@graph":[{"@type":"WebPage","@id":"https:\/\/www.shawneehealth.com\/locations\/shc-murphysboro\/","url":"https:\/\/www.shawneehealth.com\/locations\/shc-murphysboro\/","name":"Salud Shawnee, Murphysboro \u00b7 Salud Shawnee","isPartOf":{"@id":"https:\/\/www.shawneehealth.com\/zh\/#website"},"primaryImageOfPage":{"@id":"https:\/\/www.shawneehealth.com\/locations\/shc-murphysboro\/#primaryimage"},"image":{"@id":"https:\/\/www.shawneehealth.com\/locations\/shc-murphysboro\/#primaryimage"},"thumbnailUrl":"https:\/\/www.shawneehealth.com\/wp-content\/uploads\/2024\/09\/Murphy-Low-1-300x300.jpg","datePublished":"2015-12-22T18:24:01+00:00","dateModified":"2025-09-22T16:51:53+00:00","breadcrumb":{"@id":"https:\/\/www.shawneehealth.com\/locations\/shc-murphysboro\/#breadcrumb"},"inLanguage":"es","potentialAction":[{"@type":"ReadAction","target":["https:\/\/www.shawneehealth.com\/locations\/shc-murphysboro\/"]}]},{"@type":"ImageObject","inLanguage":"es","@id":"https:\/\/www.shawneehealth.com\/locations\/shc-murphysboro\/#primaryimage","url":"https:\/\/www.shawneehealth.com\/wp-content\/uploads\/2024\/09\/Murphy-Low-1-300x300.jpg","contentUrl":"https:\/\/www.shawneehealth.com\/wp-content\/uploads\/2024\/09\/Murphy-Low-1-300x300.jpg"},{"@type":"BreadcrumbList","@id":"https:\/\/www.shawneehealth.com\/locations\/shc-murphysboro\/#breadcrumb","itemListElement":[{"@type":"ListItem","position":1,"name":"Home","item":"https:\/\/www.shawneehealth.com\/"},{"@type":"ListItem","position":2,"name":"Locations","item":"https:\/\/www.shawneehealth.com\/locations\/"},{"@type":"ListItem","position":3,"name":"Shawnee Health, Murphysboro"}]},{"@type":"WebSite","@id":"https:\/\/www.shawneehealth.com\/zh\/#website","url":"https:\/\/www.shawneehealth.com\/zh\/","name":"Salud de Shawnee","description":"Tu hogar de salud","publisher":{"@id":"https:\/\/www.shawneehealth.com\/zh\/#organization"},"potentialAction":[{"@type":"SearchAction","target":{"@type":"EntryPoint","urlTemplate":"https:\/\/www.shawneehealth.com\/zh\/?s={search_term_string}"},"query-input":{"@type":"PropertyValueSpecification","valueRequired":true,"valueName":"search_term_string"}}],"inLanguage":"es"},{"@type":"Organization","@id":"https:\/\/www.shawneehealth.com\/zh\/#organization","name":"Servicio de salud de Shawnee","url":"https:\/\/www.shawneehealth.com\/zh\/","logo":{"@type":"ImageObject","inLanguage":"es","@id":"https:\/\/www.shawneehealth.com\/zh\/#\/schema\/logo\/image\/","url":"https:\/\/www.shawneehealth.com\/wp-content\/uploads\/2022\/08\/Shawnee-Color-S-e1660838796930.png","contentUrl":"https:\/\/www.shawneehealth.com\/wp-content\/uploads\/2022\/08\/Shawnee-Color-S-e1660838796930.png","width":300,"height":332,"caption":"Shawnee Health Service"},"image":{"@id":"https:\/\/www.shawneehealth.com\/zh\/#\/schema\/logo\/image\/"},"sameAs":["https:\/\/www.facebook.com\/shawneehealthservice\/","https:\/\/www.linkedin.com\/company\/shawnee-health-service\/","https:\/\/www.youtube.com\/channel\/UCY7I0On_12NT5noj3PeCg4g"]}]}},"_links":{"self":[{"href":"https:\/\/www.shawneehealth.com\/es\/wp-json\/wp\/v2\/pages\/4220","targetHints":{"allow":["GET"]}}],"collection":[{"href":"https:\/\/www.shawneehealth.com\/es\/wp-json\/wp\/v2\/pages"}],"about":[{"href":"https:\/\/www.shawneehealth.com\/es\/wp-json\/wp\/v2\/types\/page"}],"author":[{"embeddable":true,"href":"https:\/\/www.shawneehealth.com\/es\/wp-json\/wp\/v2\/users\/2"}],"replies":[{"embeddable":true,"href":"https:\/\/www.shawneehealth.com\/es\/wp-json\/wp\/v2\/comments?post=4220"}],"version-history":[{"count":0,"href":"https:\/\/www.shawneehealth.com\/es\/wp-json\/wp\/v2\/pages\/4220\/revisions"}],"up":[{"embeddable":true,"href":"https:\/\/www.shawneehealth.com\/es\/wp-json\/wp\/v2\/pages\/1031"}],"wp:attachment":[{"href":"https:\/\/www.shawneehealth.com\/es\/wp-json\/wp\/v2\/media?parent=4220"}],"curies":[{"name":"wp","href":"https:\/\/api.w.org\/{rel}","templated":true}]}}