{"id":4530,"date":"2016-03-01T15:27:54","date_gmt":"2016-03-01T21:27:54","guid":{"rendered":"http:\/\/www.shsdc.org\/?page_id=4530"},"modified":"2016-03-01T15:27:54","modified_gmt":"2016-03-01T21:27:54","slug":"covered-services-comparison","status":"publish","type":"page","link":"https:\/\/www.shawneehealth.com\/es\/resources\/insurance\/covered-services-comparison\/","title":{"rendered":"Comparaci\u00f3n de servicios cubiertos"},"content":{"rendered":"<div class='grid-row clearfix'><div class='grid-col grid-col-12'><section class='cws-widget'><section class='cws_widget_content'>\n<p>DentaQuest de Illinois, LLC<\/p>\n<p style=\"text-align: center;\"><strong>Anexo AA<\/strong><\/p>\n<h2 style=\"text-align: center;\">Comparaci\u00f3n de servicios cubiertos para ni\u00f1os y adultos<\/h2>\n<table>\n<tbody>\n<tr>\n<th>&nbsp;<\/th>\n<th>Ni\u00f1os<br \/>\n(&lt;21 a\u00f1os)<\/th>\n<th>Adultos<br \/>\n(&gt;20 a\u00f1os)<\/th>\n<th>Requiere<br \/>\nPrevio<br \/>\nAprobaci\u00f3n<\/th>\n<\/tr>\n<tr style=\"background: #ccc;\">\n<td><strong>Servicios de diagn\u00f3stico<\/strong><\/td>\n<td>&nbsp;<\/td>\n<td>&nbsp;<\/td>\n<td>&nbsp;<\/td>\n<\/tr>\n<tr>\n<td>Ex\u00e1menes bucales (para ni\u00f1os, limitados a uno cada 6 meses por dentista en un consultorio y uno cada 12 meses en un entorno escolar. Para adultos, limitados a la primera visita por dentista).<\/td>\n<td style=\"text-align: center;\">inc\u00f3gnita<\/td>\n<td style=\"text-align: center;\">inc\u00f3gnita<\/td>\n<td style=\"text-align: center;\">&nbsp;<\/td>\n<\/tr>\n<tr>\n<td>Rayos X<\/td>\n<td style=\"text-align: center;\">inc\u00f3gnita<\/td>\n<td style=\"text-align: center;\">inc\u00f3gnita<\/td>\n<td style=\"text-align: center;\">&nbsp;<\/td>\n<\/tr>\n<tr style=\"background: #ccc;\">\n<td><strong>Servicios preventivos<\/strong><\/td>\n<td>&nbsp;<\/td>\n<td>&nbsp;<\/td>\n<td>&nbsp;<\/td>\n<\/tr>\n<tr>\n<td>Profilaxis \u2013 Limpiezas (Una vez cada 6 meses)<\/td>\n<td style=\"text-align: center;\">inc\u00f3gnita<\/td>\n<td style=\"text-align: center;\">&nbsp;<\/td>\n<td style=\"text-align: center;\">&nbsp;<\/td>\n<\/tr>\n<tr>\n<td>Fluoruro t\u00f3pico (anual)<\/td>\n<td style=\"text-align: center;\">inc\u00f3gnita<\/td>\n<td style=\"text-align: center;\">&nbsp;<\/td>\n<td style=\"text-align: center;\">&nbsp;<\/td>\n<\/tr>\n<tr>\n<td>Selladores<\/td>\n<td style=\"text-align: center;\">inc\u00f3gnita<\/td>\n<td style=\"text-align: center;\">&nbsp;<\/td>\n<td style=\"text-align: center;\">&nbsp;<\/td>\n<\/tr>\n<tr>\n<td>Mantenimiento del espacio<\/td>\n<td style=\"text-align: center;\">inc\u00f3gnita<\/td>\n<td style=\"text-align: center;\">&nbsp;<\/td>\n<td style=\"text-align: center;\">&nbsp;<\/td>\n<\/tr>\n<tr style=\"background: #ccc;\">\n<td><strong>Servicios de restauraci\u00f3n<\/strong><\/td>\n<td>&nbsp;<\/td>\n<td>&nbsp;<\/td>\n<td>&nbsp;<\/td>\n<\/tr>\n<tr>\n<td>Amalgamas<\/td>\n<td style=\"text-align: center;\">inc\u00f3gnita<\/td>\n<td style=\"text-align: center;\">inc\u00f3gnita<\/td>\n<td style=\"text-align: center;\">&nbsp;<\/td>\n<\/tr>\n<tr>\n<td>Resinas<\/td>\n<td style=\"text-align: center;\">inc\u00f3gnita<\/td>\n<td style=\"text-align: center;\">inc\u00f3gnita<\/td>\n<td style=\"text-align: center;\">&nbsp;<\/td>\n<\/tr>\n<tr>\n<td>Coronas<\/td>\n<td style=\"text-align: center;\">inc\u00f3gnita<\/td>\n<td style=\"text-align: center;\">inc\u00f3gnita<\/td>\n<td style=\"text-align: center;\">Y<\/td>\n<\/tr>\n<tr>\n<td>Rellenos sedantes<\/td>\n<td style=\"text-align: center;\">inc\u00f3gnita<\/td>\n<td style=\"text-align: center;\">inc\u00f3gnita<\/td>\n<td style=\"text-align: center;\">&nbsp;<\/td>\n<\/tr>\n<tr style=\"background: #ccc;\">\n<td><strong>Servicios de endodoncia<\/strong><\/td>\n<td>&nbsp;<\/td>\n<td>&nbsp;<\/td>\n<td>&nbsp;<\/td>\n<\/tr>\n<tr>\n<td>Pulpotom\u00eda<\/td>\n<td style=\"text-align: center;\">inc\u00f3gnita<\/td>\n<td style=\"text-align: center;\">&nbsp;<\/td>\n<td style=\"text-align: center;\">&nbsp;<\/td>\n<\/tr>\n<tr>\n<td>Endodoncias (Para adultos, limitado \u00fanicamente a los dientes frontales faciales).<\/td>\n<td style=\"text-align: center;\">inc\u00f3gnita<\/td>\n<td style=\"text-align: center;\">inc\u00f3gnita<\/td>\n<td style=\"text-align: center;\">&nbsp;<\/td>\n<\/tr>\n<tr style=\"background: #ccc;\">\n<td><strong>Servicios periodontales<\/strong><\/td>\n<td>&nbsp;<\/td>\n<td>&nbsp;<\/td>\n<td>&nbsp;<\/td>\n<\/tr>\n<tr>\n<td>Gingivectom\u00eda<\/td>\n<td style=\"text-align: center;\">inc\u00f3gnita<\/td>\n<td style=\"text-align: center;\">&nbsp;<\/td>\n<td style=\"text-align: center;\">Y<\/td>\n<\/tr>\n<tr>\n<td>Raspado y alisado radicular<\/td>\n<td style=\"text-align: center;\">inc\u00f3gnita<\/td>\n<td style=\"text-align: center;\">inc\u00f3gnita<\/td>\n<td style=\"text-align: center;\">&nbsp;<\/td>\n<\/tr>\n<tr style=\"background: #ccc;\">\n<td><strong>Servicios de pr\u00f3tesis removibles<\/strong><\/td>\n<td>&nbsp;<\/td>\n<td>&nbsp;<\/td>\n<td>&nbsp;<\/td>\n<\/tr>\n<tr>\n<td>Pr\u00f3tesis dental completa (superior e inferior)<\/td>\n<td style=\"text-align: center;\">inc\u00f3gnita<\/td>\n<td style=\"text-align: center;\">inc\u00f3gnita<\/td>\n<td style=\"text-align: center;\">Y<\/td>\n<\/tr>\n<tr>\n<td>Pr\u00f3tesis parcial (superior e inferior)<\/td>\n<td style=\"text-align: center;\">inc\u00f3gnita<\/td>\n<td style=\"text-align: center;\">&nbsp;<\/td>\n<td style=\"text-align: center;\">Y<\/td>\n<\/tr>\n<tr>\n<td>Rebases de dentaduras postizas<\/td>\n<td style=\"text-align: center;\">inc\u00f3gnita<\/td>\n<td style=\"text-align: center;\">inc\u00f3gnita<\/td>\n<td style=\"text-align: center;\">Y<\/td>\n<\/tr>\n<tr>\n<td>Pr\u00f3tesis maxilofaciales<\/td>\n<td style=\"text-align: center;\">inc\u00f3gnita<\/td>\n<td style=\"text-align: center;\">inc\u00f3gnita<\/td>\n<td style=\"text-align: center;\">Y<\/td>\n<\/tr>\n<tr style=\"background: #ccc;\">\n<td><strong>Servicios de pr\u00f3tesis fijas<\/strong><\/td>\n<td>&nbsp;<\/td>\n<td>&nbsp;<\/td>\n<td>&nbsp;<\/td>\n<\/tr>\n<tr>\n<td>Puente<\/td>\n<td style=\"text-align: center;\">inc\u00f3gnita<\/td>\n<td style=\"text-align: center;\">&nbsp;<\/td>\n<td style=\"text-align: center;\">Y<\/td>\n<\/tr>\n<tr style=\"background: #ccc;\">\n<td><strong>Servicios Orales y Maxilofaciales<\/strong><\/td>\n<td>&nbsp;<\/td>\n<td>&nbsp;<\/td>\n<td>&nbsp;<\/td>\n<\/tr>\n<tr>\n<td>Extracciones<\/td>\n<td style=\"text-align: center;\">inc\u00f3gnita<\/td>\n<td style=\"text-align: center;\">inc\u00f3gnita<\/td>\n<td style=\"text-align: center;\">&nbsp;<\/td>\n<\/tr>\n<tr>\n<td>Extracciones quir\u00fargicas<\/td>\n<td style=\"text-align: center;\">inc\u00f3gnita<\/td>\n<td style=\"text-align: center;\">inc\u00f3gnita<\/td>\n<td style=\"text-align: center;\">Y<\/td>\n<\/tr>\n<tr>\n<td>Alveoloplastia<\/td>\n<td style=\"text-align: center;\">inc\u00f3gnita<\/td>\n<td style=\"text-align: center;\">&nbsp;<\/td>\n<td style=\"text-align: center;\">Y<\/td>\n<\/tr>\n<tr style=\"background: #ccc;\">\n<td><strong>Servicios de ortodoncia<\/strong><\/td>\n<td>&nbsp;<\/td>\n<td>&nbsp;<\/td>\n<td>&nbsp;<\/td>\n<\/tr>\n<tr>\n<td>Ortodoncia (cobertura limitada a ni\u00f1os que alcancen o superen una puntuaci\u00f3n de 42 en el \u00edndice de Salzmann modificado o que cumplan los criterios de necesidad m\u00e9dica)<\/td>\n<td style=\"text-align: center;\">inc\u00f3gnita<\/td>\n<td style=\"text-align: center;\">&nbsp;<\/td>\n<td style=\"text-align: center;\">Y<\/td>\n<\/tr>\n<tr style=\"background: #ccc;\">\n<td><strong>Servicios generales complementarios<\/strong><\/td>\n<td>&nbsp;<\/td>\n<td>&nbsp;<\/td>\n<td>&nbsp;<\/td>\n<\/tr>\n<tr>\n<td>Anestesia general<\/td>\n<td style=\"text-align: center;\">inc\u00f3gnita<\/td>\n<td style=\"text-align: center;\">inc\u00f3gnita<\/td>\n<td style=\"text-align: center;\">Y<\/td>\n<\/tr>\n<tr>\n<td>Sedaci\u00f3n intravenosa<\/td>\n<td style=\"text-align: center;\">inc\u00f3gnita<\/td>\n<td style=\"text-align: center;\">inc\u00f3gnita<\/td>\n<td style=\"text-align: center;\">Y<\/td>\n<\/tr>\n<tr>\n<td>\u00d3xido nitroso<\/td>\n<td style=\"text-align: center;\">inc\u00f3gnita<\/td>\n<td style=\"text-align: center;\">inc\u00f3gnita<\/td>\n<td style=\"text-align: center;\">&nbsp;<\/td>\n<\/tr>\n<tr>\n<td>Sedaci\u00f3n consciente<\/td>\n<td style=\"text-align: center;\">inc\u00f3gnita<\/td>\n<td style=\"text-align: center;\">inc\u00f3gnita<\/td>\n<td style=\"text-align: center;\">Y<\/td>\n<\/tr>\n<tr>\n<td>Inyecci\u00f3n de medicamentos terap\u00e9uticos<\/td>\n<td style=\"text-align: center;\">inc\u00f3gnita<\/td>\n<td style=\"text-align: center;\">inc\u00f3gnita<\/td>\n<td style=\"text-align: center;\">Y<\/td>\n<\/tr>\n<\/tbody>\n<\/table>\n<div style=\"font-size: 90%;\"><em>DentaQuest of Illinois, LLC 1 de septiembre de 2011<\/em><br \/>\n<em>Terminolog\u00eda dental actual \u00a9 2011 Asociaci\u00f3n Dental Americana. Todos los derechos reservados.<\/em><\/div>\n<\/section><\/section><\/div><\/div>","protected":false},"excerpt":{"rendered":"","protected":false},"author":2,"featured_media":0,"parent":3976,"menu_order":0,"comment_status":"closed","ping_status":"closed","template":"","meta":{"footnotes":""},"class_list":["post-4530","page","type-page","status-publish","hentry"],"yoast_head":"<!-- This site is optimized with the Yoast SEO Premium plugin v27.3 (Yoast SEO v27.3) - https:\/\/yoast.com\/product\/yoast-seo-premium-wordpress\/ -->\n<title>Covered Services Comparison &#183; Shawnee Health<\/title>\n<meta name=\"robots\" content=\"index, follow, max-snippet:-1, max-image-preview:large, max-video-preview:-1\" \/>\n<link rel=\"canonical\" href=\"https:\/\/www.shawneehealth.com\/es\/resources\/insurance\/covered-services-comparison\/\" \/>\n<meta property=\"og:locale\" content=\"es_MX\" \/>\n<meta property=\"og:type\" content=\"article\" \/>\n<meta property=\"og:title\" content=\"Covered Services Comparison\" \/>\n<meta property=\"og:url\" content=\"https:\/\/www.shawneehealth.com\/es\/resources\/insurance\/covered-services-comparison\/\" \/>\n<meta property=\"og:site_name\" content=\"Shawnee Health\" \/>\n<meta property=\"article:publisher\" content=\"https:\/\/www.facebook.com\/shawneehealthservice\/\" \/>\n<meta property=\"og:image\" content=\"https:\/\/www.shawneehealth.com\/wp-content\/uploads\/2022\/08\/Shawnee-Color-e1660838904236.jpg\" \/>\n\t<meta property=\"og:image:width\" content=\"340\" \/>\n\t<meta property=\"og:image:height\" content=\"136\" \/>\n\t<meta property=\"og:image:type\" content=\"image\/jpeg\" \/>\n<meta name=\"twitter:card\" content=\"summary_large_image\" \/>\n<meta name=\"twitter:label1\" content=\"Tiempo de lectura\" \/>\n\t<meta name=\"twitter:data1\" content=\"2 minutos\" \/>\n<script type=\"application\/ld+json\" class=\"yoast-schema-graph\">{\"@context\":\"https:\\\/\\\/schema.org\",\"@graph\":[{\"@type\":\"WebPage\",\"@id\":\"https:\\\/\\\/www.shawneehealth.com\\\/resources\\\/insurance\\\/covered-services-comparison\\\/\",\"url\":\"https:\\\/\\\/www.shawneehealth.com\\\/resources\\\/insurance\\\/covered-services-comparison\\\/\",\"name\":\"Covered Services Comparison &#183; Shawnee Health\",\"isPartOf\":{\"@id\":\"https:\\\/\\\/www.shawneehealth.com\\\/zh\\\/#website\"},\"datePublished\":\"2016-03-01T21:27:54+00:00\",\"breadcrumb\":{\"@id\":\"https:\\\/\\\/www.shawneehealth.com\\\/resources\\\/insurance\\\/covered-services-comparison\\\/#breadcrumb\"},\"inLanguage\":\"es\",\"potentialAction\":[{\"@type\":\"ReadAction\",\"target\":[\"https:\\\/\\\/www.shawneehealth.com\\\/resources\\\/insurance\\\/covered-services-comparison\\\/\"]}]},{\"@type\":\"BreadcrumbList\",\"@id\":\"https:\\\/\\\/www.shawneehealth.com\\\/resources\\\/insurance\\\/covered-services-comparison\\\/#breadcrumb\",\"itemListElement\":[{\"@type\":\"ListItem\",\"position\":1,\"name\":\"Home\",\"item\":\"https:\\\/\\\/www.shawneehealth.com\\\/\"},{\"@type\":\"ListItem\",\"position\":2,\"name\":\"Patient\\\/Client Resources\",\"item\":\"https:\\\/\\\/www.shawneehealth.com\\\/resources\\\/\"},{\"@type\":\"ListItem\",\"position\":3,\"name\":\"Insurance\",\"item\":\"https:\\\/\\\/www.shawneehealth.com\\\/resources\\\/insurance\\\/\"},{\"@type\":\"ListItem\",\"position\":4,\"name\":\"Covered Services Comparison\"}]},{\"@type\":\"WebSite\",\"@id\":\"https:\\\/\\\/www.shawneehealth.com\\\/zh\\\/#website\",\"url\":\"https:\\\/\\\/www.shawneehealth.com\\\/zh\\\/\",\"name\":\"Shawnee Health\",\"description\":\"Your Health Home\",\"publisher\":{\"@id\":\"https:\\\/\\\/www.shawneehealth.com\\\/zh\\\/#organization\"},\"potentialAction\":[{\"@type\":\"SearchAction\",\"target\":{\"@type\":\"EntryPoint\",\"urlTemplate\":\"https:\\\/\\\/www.shawneehealth.com\\\/zh\\\/?s={search_term_string}\"},\"query-input\":{\"@type\":\"PropertyValueSpecification\",\"valueRequired\":true,\"valueName\":\"search_term_string\"}}],\"inLanguage\":\"es\"},{\"@type\":\"Organization\",\"@id\":\"https:\\\/\\\/www.shawneehealth.com\\\/zh\\\/#organization\",\"name\":\"Shawnee Health Service\",\"url\":\"https:\\\/\\\/www.shawneehealth.com\\\/zh\\\/\",\"logo\":{\"@type\":\"ImageObject\",\"inLanguage\":\"es\",\"@id\":\"https:\\\/\\\/www.shawneehealth.com\\\/zh\\\/#\\\/schema\\\/logo\\\/image\\\/\",\"url\":\"https:\\\/\\\/www.shawneehealth.com\\\/wp-content\\\/uploads\\\/2022\\\/08\\\/Shawnee-Color-S-e1660838796930.png\",\"contentUrl\":\"https:\\\/\\\/www.shawneehealth.com\\\/wp-content\\\/uploads\\\/2022\\\/08\\\/Shawnee-Color-S-e1660838796930.png\",\"width\":300,\"height\":332,\"caption\":\"Shawnee Health Service\"},\"image\":{\"@id\":\"https:\\\/\\\/www.shawneehealth.com\\\/zh\\\/#\\\/schema\\\/logo\\\/image\\\/\"},\"sameAs\":[\"https:\\\/\\\/www.facebook.com\\\/shawneehealthservice\\\/\",\"https:\\\/\\\/www.linkedin.com\\\/company\\\/shawnee-health-service\\\/\",\"https:\\\/\\\/www.youtube.com\\\/channel\\\/UCY7I0On_12NT5noj3PeCg4g\"]}]}<\/script>\n<!-- \/ Yoast SEO Premium plugin. -->","yoast_head_json":{"title":"Comparaci\u00f3n de servicios cubiertos \u00b7 Shawnee Health","robots":{"index":"index","follow":"follow","max-snippet":"max-snippet:-1","max-image-preview":"max-image-preview:large","max-video-preview":"max-video-preview:-1"},"canonical":"https:\/\/www.shawneehealth.com\/es\/resources\/insurance\/covered-services-comparison\/","og_locale":"es_MX","og_type":"article","og_title":"Covered Services Comparison","og_url":"https:\/\/www.shawneehealth.com\/es\/resources\/insurance\/covered-services-comparison\/","og_site_name":"Shawnee Health","article_publisher":"https:\/\/www.facebook.com\/shawneehealthservice\/","og_image":[{"width":340,"height":136,"url":"https:\/\/www.shawneehealth.com\/wp-content\/uploads\/2022\/08\/Shawnee-Color-e1660838904236.jpg","type":"image\/jpeg"}],"twitter_card":"summary_large_image","twitter_misc":{"Tiempo de lectura":"2 minutos"},"schema":{"@context":"https:\/\/schema.org","@graph":[{"@type":"WebPage","@id":"https:\/\/www.shawneehealth.com\/resources\/insurance\/covered-services-comparison\/","url":"https:\/\/www.shawneehealth.com\/resources\/insurance\/covered-services-comparison\/","name":"Comparaci\u00f3n de servicios cubiertos \u00b7 Shawnee Health","isPartOf":{"@id":"https:\/\/www.shawneehealth.com\/zh\/#website"},"datePublished":"2016-03-01T21:27:54+00:00","breadcrumb":{"@id":"https:\/\/www.shawneehealth.com\/resources\/insurance\/covered-services-comparison\/#breadcrumb"},"inLanguage":"es","potentialAction":[{"@type":"ReadAction","target":["https:\/\/www.shawneehealth.com\/resources\/insurance\/covered-services-comparison\/"]}]},{"@type":"BreadcrumbList","@id":"https:\/\/www.shawneehealth.com\/resources\/insurance\/covered-services-comparison\/#breadcrumb","itemListElement":[{"@type":"ListItem","position":1,"name":"Home","item":"https:\/\/www.shawneehealth.com\/"},{"@type":"ListItem","position":2,"name":"Patient\/Client Resources","item":"https:\/\/www.shawneehealth.com\/resources\/"},{"@type":"ListItem","position":3,"name":"Insurance","item":"https:\/\/www.shawneehealth.com\/resources\/insurance\/"},{"@type":"ListItem","position":4,"name":"Covered Services Comparison"}]},{"@type":"WebSite","@id":"https:\/\/www.shawneehealth.com\/zh\/#website","url":"https:\/\/www.shawneehealth.com\/zh\/","name":"Salud de Shawnee","description":"Tu hogar de salud","publisher":{"@id":"https:\/\/www.shawneehealth.com\/zh\/#organization"},"potentialAction":[{"@type":"SearchAction","target":{"@type":"EntryPoint","urlTemplate":"https:\/\/www.shawneehealth.com\/zh\/?s={search_term_string}"},"query-input":{"@type":"PropertyValueSpecification","valueRequired":true,"valueName":"search_term_string"}}],"inLanguage":"es"},{"@type":"Organization","@id":"https:\/\/www.shawneehealth.com\/zh\/#organization","name":"Servicio de salud de Shawnee","url":"https:\/\/www.shawneehealth.com\/zh\/","logo":{"@type":"ImageObject","inLanguage":"es","@id":"https:\/\/www.shawneehealth.com\/zh\/#\/schema\/logo\/image\/","url":"https:\/\/www.shawneehealth.com\/wp-content\/uploads\/2022\/08\/Shawnee-Color-S-e1660838796930.png","contentUrl":"https:\/\/www.shawneehealth.com\/wp-content\/uploads\/2022\/08\/Shawnee-Color-S-e1660838796930.png","width":300,"height":332,"caption":"Shawnee Health Service"},"image":{"@id":"https:\/\/www.shawneehealth.com\/zh\/#\/schema\/logo\/image\/"},"sameAs":["https:\/\/www.facebook.com\/shawneehealthservice\/","https:\/\/www.linkedin.com\/company\/shawnee-health-service\/","https:\/\/www.youtube.com\/channel\/UCY7I0On_12NT5noj3PeCg4g"]}]}},"_links":{"self":[{"href":"https:\/\/www.shawneehealth.com\/es\/wp-json\/wp\/v2\/pages\/4530","targetHints":{"allow":["GET"]}}],"collection":[{"href":"https:\/\/www.shawneehealth.com\/es\/wp-json\/wp\/v2\/pages"}],"about":[{"href":"https:\/\/www.shawneehealth.com\/es\/wp-json\/wp\/v2\/types\/page"}],"author":[{"embeddable":true,"href":"https:\/\/www.shawneehealth.com\/es\/wp-json\/wp\/v2\/users\/2"}],"replies":[{"embeddable":true,"href":"https:\/\/www.shawneehealth.com\/es\/wp-json\/wp\/v2\/comments?post=4530"}],"version-history":[{"count":0,"href":"https:\/\/www.shawneehealth.com\/es\/wp-json\/wp\/v2\/pages\/4530\/revisions"}],"up":[{"embeddable":true,"href":"https:\/\/www.shawneehealth.com\/es\/wp-json\/wp\/v2\/pages\/3976"}],"wp:attachment":[{"href":"https:\/\/www.shawneehealth.com\/es\/wp-json\/wp\/v2\/media?parent=4530"}],"curies":[{"name":"wp","href":"https:\/\/api.w.org\/{rel}","templated":true}]}}