{"id":4902,"date":"2017-01-18T16:13:35","date_gmt":"2017-01-18T22:13:35","guid":{"rendered":"http:\/\/www.shawneehealth.com\/?page_id=4902"},"modified":"2024-07-10T11:26:18","modified_gmt":"2024-07-10T16:26:18","slug":"new-patient-welcome","status":"publish","type":"page","link":"https:\/\/www.shawneehealth.com\/es\/resources\/new-patient-welcome\/","title":{"rendered":"Bienvenida a Pacientes Nuevos"},"content":{"rendered":"<div class='grid-row clearfix'><div class='grid-col grid-col-6'><section class='cws-widget'><section class='cws_widget_content'>\n<div style=\"padding-right: 20px;\">\n<h2><i class='soc_icon fa fa-home fa-1x'><\/i> Tu hogar de salud<\/h2>\n<p>Bienvenido a Shawnee Health. Nos complace que nos haya elegido como su socio en materia de atenci\u00f3n m\u00e9dica y estamos seguros de que, trabajando juntos, podemos ser el centro de salud adecuado para usted.<\/p>\n<p class=\"top-space\">Algo que sabemos que es esencial para colaborar con usted en la atenci\u00f3n m\u00e9dica es la comunicaci\u00f3n. Este sitio web y el paquete para pacientes nuevos se han desarrollado para ayudarlo a comprender nuestros procesos, sus derechos, lo que puede esperar de nosotros y c\u00f3mo puede ser un defensor de su propia atenci\u00f3n m\u00e9dica.<\/p>\n<p class=\"top-space\">Nos tomamos su salud en serio y nos sentimos honrados de que nos conf\u00ede su atenci\u00f3n.<\/p>\n<p class=\"top-space\"><i class=\"fa fa-caret-right\" style=\"padding-right: 10px;\"><\/i><a href=\"https:\/\/shawneehealth1.wpenginepowered.com\/wp-content\/uploads\/2023\/02\/New-Patient-Guide.pdf\" target=\"_blank\" rel=\"noopener\">Paquete de nuevo paciente<\/a> (Documento PDF)<\/p>\n<\/div>\n<\/section><\/section><section class='cws-widget'><section class='cws_widget_content'>\n<div style=\"padding-right: 20px;\">\n<h2><i class='soc_icon fa fa-comments fa-1x'><\/i> Portal del paciente<\/h2>\n<p>Con Shawnee Health <a href=\"\/es\/patientclient-resources\/patient-portal\/\">Portal del paciente<\/a>, usted ser\u00e1 capaz de:<\/p>\n<ul>\n<li>Solicite citas, reciba recordatorios de citas y reg\u00edstrese antes de una cita<\/li>\n<li>Comun\u00edquese con su m\u00e9dico y equipo de atenci\u00f3n m\u00e9dica en l\u00ednea a trav\u00e9s de nuestro Portal seguro<\/li>\n<li>Ver, descargar o compartir su historial m\u00e9dico personal, incluidos datos como:<br \/>Medicamentos, vacunas y resultados de pruebas<\/li>\n<li>Solicitar resurtidos de recetas<\/li>\n<li>Pague su factura en l\u00ednea<\/li>\n<\/ul>\n<p class=\"top-space\">Para registrarse en el Portal del Paciente, puede seguir este enlace, <a href=\"https:\/\/14668-2.portal.athenahealth.com\/\">Portal del paciente<\/a>, o hable con cualquier miembro del personal en uno de nuestros centros de salud para obtener ayuda.<\/p>\n<\/div>\n<\/section><\/section><section class='cws-widget'><section class='cws_widget_content'>\n<div style=\"padding-right: 20px;\">\n<h2><i class='soc_icon fa fa-flask fa-1x'><\/i> Resurtidos y recetas<\/h2>\n<p>Para solicitar un reabastecimiento de recetas, comun\u00edquese directamente con su farmacia. Si no le quedan resurtidos, la farmacia enviar\u00e1 una solicitud para una nueva receta a su proveedor de Shawnee Health Care.<\/p>\n<p class=\"top-space\">Las solicitudes de reabastecimiento de medicamentos recetados generalmente demoran 3 d\u00edas en completarse. Si solicit\u00f3 un reabastecimiento y han pasado m\u00e1s de 3 d\u00edas, llame al (618) 519-9200 para conocer el estado del reabastecimiento de su receta. Las recetas no se pueden surtir fuera de horario.<\/p>\n<\/div>\n<\/section><\/section><section class='cws-widget'><section class='cws_widget_content'>\n<div>\n<h2><i class='soc_icon fa fa-user-md fa-1x'><\/i> Referencias<\/h2>\n<p>Shawnee Health es su primera opci\u00f3n para controles de salud y asesoramiento sobre bienestar. Las visitas peri\u00f3dicas a su m\u00e9dico de atenci\u00f3n primaria, enfermero practicante o asistente m\u00e9dico pueden ayudarlo a mantenerse saludable. Cuando necesite la atenci\u00f3n de un especialista, lo ayudaremos con referencias a profesionales m\u00e9dicos y de salud afines locales y regionales calificados. Para solicitar una referencia, hable con su m\u00e9dico, enfermero practicante o asistente m\u00e9dico.<\/p>\n<\/div>\n<\/section><\/section><\/div><div class='grid-col grid-col-6'><section class='cws-widget'><section class='cws_widget_content'>\n<p><img decoding=\"async\" class=\"aligncenter wp-image-4948 size-medium lazyload\" data-src=\"\/wp-content\/uploads\/2017\/01\/FrontDesk-Phreesia-Web-300x300.jpg\" alt=\"Paciente de bienvenida\" width=\"300\" height=\"300\" data-srcset=\"https:\/\/shawneehealth1.wpenginepowered.com\/wp-content\/uploads\/2017\/01\/FrontDesk-Phreesia-Web-300x300.jpg 300w, https:\/\/shawneehealth1.wpenginepowered.com\/wp-content\/uploads\/2017\/01\/FrontDesk-Phreesia-Web-150x150.jpg 150w, https:\/\/shawneehealth1.wpenginepowered.com\/wp-content\/uploads\/2017\/01\/FrontDesk-Phreesia-Web-1024x1024.jpg 1024w, https:\/\/shawneehealth1.wpenginepowered.com\/wp-content\/uploads\/2017\/01\/FrontDesk-Phreesia-Web-16x16.jpg 16w, https:\/\/shawneehealth1.wpenginepowered.com\/wp-content\/uploads\/2017\/01\/FrontDesk-Phreesia-Web-32x32.jpg 32w, https:\/\/shawneehealth1.wpenginepowered.com\/wp-content\/uploads\/2017\/01\/FrontDesk-Phreesia-Web-48x48.jpg 48w\" data-sizes=\"(max-width: 300px) 100vw, 300px\" src=\"data:image\/svg+xml;base64,PHN2ZyB3aWR0aD0iMSIgaGVpZ2h0PSIxIiB4bWxucz0iaHR0cDovL3d3dy53My5vcmcvMjAwMC9zdmciPjwvc3ZnPg==\" style=\"--smush-placeholder-width: 300px; --smush-placeholder-aspect-ratio: 300\/300;\" \/><\/p>\n<\/section><\/section><section class='cws-widget'><section class='cws_widget_content'>\n<div style=\"padding-left: 20px;\">\n<h2><i class='soc_icon fa fa-calendar fa-1x'><\/i> Equipo<\/h2>\n<ul>\n<li>Se prefieren las citas, aunque las citas sin cita previa est\u00e1n disponibles de forma limitada.<\/li>\n<li>Para programar citas, llame al (618) 519-9200 o visite el <a href=\"\/es\/patientclient-resources\/patient-portal\/\">Portal del paciente<\/a>.<\/li>\n<li>Los menores deben estar acompa\u00f1ados por un padre o tutor, a menos que se hayan hecho arreglos previos<br \/>sido hecho.<\/li>\n<li>Cuando programe su cita, h\u00e1ganos saber sus necesidades especiales. Ofrecemos int\u00e9rpretes de lenguaje de se\u00f1as e interpretaci\u00f3n telef\u00f3nica gratuitos para otros idiomas adem\u00e1s del ingl\u00e9s. Nuestro equipo de trabajadores comunitarios biling\u00fces y biculturales est\u00e1 capacitado profesionalmente para brindar interpretaci\u00f3n m\u00e9dica en espa\u00f1ol.<\/li>\n<li>Para honrar su tiempo y el tiempo de los otros pacientes con citas ese d\u00eda, podemos<br \/>necesita reprogramar su cita si llega m\u00e1s de 15 minutos tarde.<\/li>\n<li>Si necesita cancelar una cita, es importante que nos llame antes del cierre de<br \/>trabajo el d\u00eda antes de su cita programada. Esto nos ayudar\u00e1 a maximizar el acceso a la atenci\u00f3n para todos nuestros pacientes.<\/li>\n<\/ul>\n<p class=\"top-space\">\u00a0<\/p>\n<\/div>\n<\/section><\/section><section class='cws-widget'><section class='cws_widget_content'>\n<div style=\"padding-left: 20px;\">\n<h2><i class='soc_icon fa fa-folder-open-o fa-1x'><\/i> Que traer<\/h2>\n<ul>\n<li>Est\u00e9 preparado para hacer todas sus preguntas.<\/li>\n<li>Traiga todos sus medicamentos.<\/li>\n<li>Traiga una identificaci\u00f3n con foto e informaci\u00f3n del seguro.<\/li>\n<li>Est\u00e9 preparado para pagar su copago o tarifa nominal.<\/li>\n<\/ul>\n<\/div>\n<\/section><\/section><section class='cws-widget'><section class='cws_widget_content'>\n<div style=\"padding-left: 20px;\">\n<h2><i class='soc_icon fa fa-money fa-1x'><\/i> Pago y seguro<\/h2>\n<p>Shawnee Health se compromete a brindar atenci\u00f3n m\u00e9dica de calidad a nuestros pacientes al menor costo posible y a garantizar que haya servicios m\u00e9dicos y dentales asequibles disponibles para todos en la comunidad.<\/p>\n<h3>Sus opciones de pago:<\/h3>\n<p>Los deducibles del seguro y el copago o la tarifa nominal se deben pagar en el momento del check-in.<\/p>\n<p class=\"top-space\">Se acepta efectivo, cheque personal, tarjeta de d\u00e9bito o las principales tarjetas de cr\u00e9dito. Las citas se pueden reprogramar si no puede realizar el pago en el momento del check-in.<\/p>\n<h3>Para pacientes con seguro:<\/h3>\n<p>Se aceptan Medicaid, All Kids, Medicare y la mayor\u00eda de las formas de seguros comerciales.<\/p>\n<p class=\"top-space\">Las reclamaciones se env\u00edan por usted. Los deducibles y copagos del seguro vencen al momento del check-in.<\/p>\n<p class=\"top-space\">Es su responsabilidad, como Paciente, comprender los t\u00e9rminos de su cobertura de seguro. Llame al n\u00famero de tel\u00e9fono que se encuentra en el reverso de su tarjeta de identificaci\u00f3n de miembro si tiene preguntas sobre la cobertura de su seguro.<\/p>\n<h3>Para pacientes con seguro limitado o sin seguro:<\/h3>\n<p>En Shawnee Health, queremos que usted pueda acceder a los servicios m\u00e9dicos primarios, dentales y de salud conductual que necesita y ayudarlo con sus inquietudes sobre cobertura y pago.<\/p>\n<p class=\"top-space\">PROGRAMA DE ASISTENCIA FINANCIERA DE SHAWNEE:<\/p>\n<p>Shawnee Health puede ofrecer descuentos en los servicios prestados en las instalaciones de Shawnee Health a trav\u00e9s de subvenciones del Servicio de Salud P\u00fablica de los EE. UU., Oficina de Atenci\u00f3n M\u00e9dica Primaria para pacientes con un nivel de pobreza igual o inferior al 200% de las Pautas Federales de Pobreza. Las personas sin seguro y las personas con seguro que tienen gastos deducibles, coaseguros y copagos pueden recibir descuentos por los servicios. Los descuentos se aplican \u00fanicamente a los servicios prestados en las instalaciones de Shawnee Health Care.<\/p>\n<p class=\"top-space\">Ver el <a href=\"https:\/\/shawneehealth1.wpenginepowered.com\/wp-content\/uploads\/2023\/02\/New-Patient-Guide.pdf\" target=\"_blank\" rel=\"noopener\">Gu\u00eda para nuevos pacientes<\/a> (Documento PDF) para obtener m\u00e1s informaci\u00f3n.<\/p>\n<\/div>\n<\/section><\/section><\/div><\/div>","protected":false},"excerpt":{"rendered":"","protected":false},"author":2,"featured_media":0,"parent":3232,"menu_order":0,"comment_status":"closed","ping_status":"closed","template":"","meta":{"footnotes":""},"class_list":["post-4902","page","type-page","status-publish","hentry"],"yoast_head":"<!-- This site is optimized with the Yoast SEO Premium plugin v27.4 (Yoast SEO v27.4) - https:\/\/yoast.com\/product\/yoast-seo-premium-wordpress\/ -->\n<title>New Patient Welcome &#183; Shawnee Health<\/title>\n<meta name=\"robots\" content=\"index, follow, max-snippet:-1, max-image-preview:large, max-video-preview:-1\" \/>\n<link rel=\"canonical\" href=\"https:\/\/www.shawneehealth.com\/es\/resources\/new-patient-welcome\/\" \/>\n<meta property=\"og:locale\" content=\"es_MX\" \/>\n<meta property=\"og:type\" content=\"article\" \/>\n<meta property=\"og:title\" content=\"New Patient Welcome\" \/>\n<meta property=\"og:url\" content=\"https:\/\/www.shawneehealth.com\/es\/resources\/new-patient-welcome\/\" \/>\n<meta property=\"og:site_name\" content=\"Shawnee Health\" \/>\n<meta property=\"article:publisher\" content=\"https:\/\/www.facebook.com\/shawneehealthservice\/\" \/>\n<meta property=\"article:modified_time\" content=\"2024-07-10T16:26:18+00:00\" \/>\n<meta property=\"og:image\" content=\"https:\/\/www.shawneehealth.com\/wp-content\/uploads\/2022\/08\/Shawnee-Color-e1660838904236.jpg\" \/>\n\t<meta property=\"og:image:width\" content=\"340\" \/>\n\t<meta property=\"og:image:height\" content=\"136\" \/>\n\t<meta property=\"og:image:type\" content=\"image\/jpeg\" \/>\n<meta name=\"twitter:card\" content=\"summary_large_image\" \/>\n<meta name=\"twitter:label1\" content=\"Tiempo de lectura\" \/>\n\t<meta name=\"twitter:data1\" content=\"4 minutos\" \/>\n<script type=\"application\/ld+json\" class=\"yoast-schema-graph\">{\"@context\":\"https:\\\/\\\/schema.org\",\"@graph\":[{\"@type\":\"WebPage\",\"@id\":\"https:\\\/\\\/www.shawneehealth.com\\\/resources\\\/new-patient-welcome\\\/\",\"url\":\"https:\\\/\\\/www.shawneehealth.com\\\/resources\\\/new-patient-welcome\\\/\",\"name\":\"New Patient Welcome &#183; Shawnee Health\",\"isPartOf\":{\"@id\":\"https:\\\/\\\/www.shawneehealth.com\\\/zh\\\/#website\"},\"datePublished\":\"2017-01-18T22:13:35+00:00\",\"dateModified\":\"2024-07-10T16:26:18+00:00\",\"breadcrumb\":{\"@id\":\"https:\\\/\\\/www.shawneehealth.com\\\/resources\\\/new-patient-welcome\\\/#breadcrumb\"},\"inLanguage\":\"es\",\"potentialAction\":[{\"@type\":\"ReadAction\",\"target\":[\"https:\\\/\\\/www.shawneehealth.com\\\/resources\\\/new-patient-welcome\\\/\"]}]},{\"@type\":\"BreadcrumbList\",\"@id\":\"https:\\\/\\\/www.shawneehealth.com\\\/resources\\\/new-patient-welcome\\\/#breadcrumb\",\"itemListElement\":[{\"@type\":\"ListItem\",\"position\":1,\"name\":\"Home\",\"item\":\"https:\\\/\\\/www.shawneehealth.com\\\/\"},{\"@type\":\"ListItem\",\"position\":2,\"name\":\"Patient\\\/Client Resources\",\"item\":\"https:\\\/\\\/www.shawneehealth.com\\\/resources\\\/\"},{\"@type\":\"ListItem\",\"position\":3,\"name\":\"New Patient Welcome\"}]},{\"@type\":\"WebSite\",\"@id\":\"https:\\\/\\\/www.shawneehealth.com\\\/zh\\\/#website\",\"url\":\"https:\\\/\\\/www.shawneehealth.com\\\/zh\\\/\",\"name\":\"Shawnee Health\",\"description\":\"Your Health Home\",\"publisher\":{\"@id\":\"https:\\\/\\\/www.shawneehealth.com\\\/zh\\\/#organization\"},\"potentialAction\":[{\"@type\":\"SearchAction\",\"target\":{\"@type\":\"EntryPoint\",\"urlTemplate\":\"https:\\\/\\\/www.shawneehealth.com\\\/zh\\\/?s={search_term_string}\"},\"query-input\":{\"@type\":\"PropertyValueSpecification\",\"valueRequired\":true,\"valueName\":\"search_term_string\"}}],\"inLanguage\":\"es\"},{\"@type\":\"Organization\",\"@id\":\"https:\\\/\\\/www.shawneehealth.com\\\/zh\\\/#organization\",\"name\":\"Shawnee Health Service\",\"url\":\"https:\\\/\\\/www.shawneehealth.com\\\/zh\\\/\",\"logo\":{\"@type\":\"ImageObject\",\"inLanguage\":\"es\",\"@id\":\"https:\\\/\\\/www.shawneehealth.com\\\/zh\\\/#\\\/schema\\\/logo\\\/image\\\/\",\"url\":\"https:\\\/\\\/www.shawneehealth.com\\\/wp-content\\\/uploads\\\/2022\\\/08\\\/Shawnee-Color-S-e1660838796930.png\",\"contentUrl\":\"https:\\\/\\\/www.shawneehealth.com\\\/wp-content\\\/uploads\\\/2022\\\/08\\\/Shawnee-Color-S-e1660838796930.png\",\"width\":300,\"height\":332,\"caption\":\"Shawnee Health Service\"},\"image\":{\"@id\":\"https:\\\/\\\/www.shawneehealth.com\\\/zh\\\/#\\\/schema\\\/logo\\\/image\\\/\"},\"sameAs\":[\"https:\\\/\\\/www.facebook.com\\\/shawneehealthservice\\\/\",\"https:\\\/\\\/www.linkedin.com\\\/company\\\/shawnee-health-service\\\/\",\"https:\\\/\\\/www.youtube.com\\\/channel\\\/UCY7I0On_12NT5noj3PeCg4g\"]}]}<\/script>\n<!-- \/ Yoast SEO Premium plugin. -->","yoast_head_json":{"title":"Bienvenida a nuevos pacientes \u00b7 Shawnee Health","robots":{"index":"index","follow":"follow","max-snippet":"max-snippet:-1","max-image-preview":"max-image-preview:large","max-video-preview":"max-video-preview:-1"},"canonical":"https:\/\/www.shawneehealth.com\/es\/resources\/new-patient-welcome\/","og_locale":"es_MX","og_type":"article","og_title":"New Patient Welcome","og_url":"https:\/\/www.shawneehealth.com\/es\/resources\/new-patient-welcome\/","og_site_name":"Shawnee Health","article_publisher":"https:\/\/www.facebook.com\/shawneehealthservice\/","article_modified_time":"2024-07-10T16:26:18+00:00","og_image":[{"width":340,"height":136,"url":"https:\/\/www.shawneehealth.com\/wp-content\/uploads\/2022\/08\/Shawnee-Color-e1660838904236.jpg","type":"image\/jpeg"}],"twitter_card":"summary_large_image","twitter_misc":{"Tiempo de lectura":"4 minutos"},"schema":{"@context":"https:\/\/schema.org","@graph":[{"@type":"WebPage","@id":"https:\/\/www.shawneehealth.com\/resources\/new-patient-welcome\/","url":"https:\/\/www.shawneehealth.com\/resources\/new-patient-welcome\/","name":"Bienvenida a nuevos pacientes \u00b7 Shawnee Health","isPartOf":{"@id":"https:\/\/www.shawneehealth.com\/zh\/#website"},"datePublished":"2017-01-18T22:13:35+00:00","dateModified":"2024-07-10T16:26:18+00:00","breadcrumb":{"@id":"https:\/\/www.shawneehealth.com\/resources\/new-patient-welcome\/#breadcrumb"},"inLanguage":"es","potentialAction":[{"@type":"ReadAction","target":["https:\/\/www.shawneehealth.com\/resources\/new-patient-welcome\/"]}]},{"@type":"BreadcrumbList","@id":"https:\/\/www.shawneehealth.com\/resources\/new-patient-welcome\/#breadcrumb","itemListElement":[{"@type":"ListItem","position":1,"name":"Home","item":"https:\/\/www.shawneehealth.com\/"},{"@type":"ListItem","position":2,"name":"Patient\/Client Resources","item":"https:\/\/www.shawneehealth.com\/resources\/"},{"@type":"ListItem","position":3,"name":"New Patient Welcome"}]},{"@type":"WebSite","@id":"https:\/\/www.shawneehealth.com\/zh\/#website","url":"https:\/\/www.shawneehealth.com\/zh\/","name":"Salud de Shawnee","description":"Tu hogar de salud","publisher":{"@id":"https:\/\/www.shawneehealth.com\/zh\/#organization"},"potentialAction":[{"@type":"SearchAction","target":{"@type":"EntryPoint","urlTemplate":"https:\/\/www.shawneehealth.com\/zh\/?s={search_term_string}"},"query-input":{"@type":"PropertyValueSpecification","valueRequired":true,"valueName":"search_term_string"}}],"inLanguage":"es"},{"@type":"Organization","@id":"https:\/\/www.shawneehealth.com\/zh\/#organization","name":"Servicio de salud de Shawnee","url":"https:\/\/www.shawneehealth.com\/zh\/","logo":{"@type":"ImageObject","inLanguage":"es","@id":"https:\/\/www.shawneehealth.com\/zh\/#\/schema\/logo\/image\/","url":"https:\/\/www.shawneehealth.com\/wp-content\/uploads\/2022\/08\/Shawnee-Color-S-e1660838796930.png","contentUrl":"https:\/\/www.shawneehealth.com\/wp-content\/uploads\/2022\/08\/Shawnee-Color-S-e1660838796930.png","width":300,"height":332,"caption":"Shawnee Health Service"},"image":{"@id":"https:\/\/www.shawneehealth.com\/zh\/#\/schema\/logo\/image\/"},"sameAs":["https:\/\/www.facebook.com\/shawneehealthservice\/","https:\/\/www.linkedin.com\/company\/shawnee-health-service\/","https:\/\/www.youtube.com\/channel\/UCY7I0On_12NT5noj3PeCg4g"]}]}},"_links":{"self":[{"href":"https:\/\/www.shawneehealth.com\/es\/wp-json\/wp\/v2\/pages\/4902","targetHints":{"allow":["GET"]}}],"collection":[{"href":"https:\/\/www.shawneehealth.com\/es\/wp-json\/wp\/v2\/pages"}],"about":[{"href":"https:\/\/www.shawneehealth.com\/es\/wp-json\/wp\/v2\/types\/page"}],"author":[{"embeddable":true,"href":"https:\/\/www.shawneehealth.com\/es\/wp-json\/wp\/v2\/users\/2"}],"replies":[{"embeddable":true,"href":"https:\/\/www.shawneehealth.com\/es\/wp-json\/wp\/v2\/comments?post=4902"}],"version-history":[{"count":0,"href":"https:\/\/www.shawneehealth.com\/es\/wp-json\/wp\/v2\/pages\/4902\/revisions"}],"up":[{"embeddable":true,"href":"https:\/\/www.shawneehealth.com\/es\/wp-json\/wp\/v2\/pages\/3232"}],"wp:attachment":[{"href":"https:\/\/www.shawneehealth.com\/es\/wp-json\/wp\/v2\/media?parent=4902"}],"curies":[{"name":"wp","href":"https:\/\/api.w.org\/{rel}","templated":true}]}}