{"id":5857,"date":"2020-04-23T16:28:46","date_gmt":"2020-04-23T21:28:46","guid":{"rendered":"http:\/\/www.shawneehealth.com\/?page_id=5857"},"modified":"2020-10-14T15:03:58","modified_gmt":"2020-10-14T20:03:58","slug":"enfermedad-del-coronavirus-2019","status":"publish","type":"page","link":"https:\/\/www.shawneehealth.com\/es\/enfermedad-del-coronavirus-2019\/","title":{"rendered":"Enfermedad del Coronavirus 2019 (COVID-19)"},"content":{"rendered":"<div class='grid-row clearfix'><div class='grid-col grid-col-6'><section class='cws-widget'><section class='cws_widget_content'>\n<h3><strong>Atenci\u00f3n a toda nuestra Comunidad:<\/strong><\/h3>\n<p>Shawnee Health Service se compromete a servir a nuestra comunidad hispano hablante del sur de Illinois.<\/p>\n<p>Nosotros ya estamos haciendo la prueba del COVID-19 a las personas que tienen s\u00edntomas. Si usted cree que tiene s\u00edntomas relacionados con Coronavirus (COVID-19), por favor ll\u00e1menos al 618-519-9200 - y presione la opci\u00f3n 9 para conectarse con nuestra l\u00ednea en espa\u00f1ol. Tenemos representantes e int\u00e9rpretes disponibles para usted las 24 horas del d\u00eda.<\/p>\n<p>Si Usted presenta s\u00edntomas del COVID-19, por favor llamar al 618-519-9200 y presione el 9 para espa\u00f1ol.<\/p>\n<\/section><\/section><\/div><div class='grid-col grid-col-6'><section class='cws-widget'><section class='cws_widget_content'>\n<p><center><iframe data-src=\"https:\/\/www.youtube.com\/embed\/JOb5Md1cbfc\" width=\"560\" height=\"315\" frameborder=\"0\" allowfullscreen=\"allowfullscreen\" src=\"data:image\/svg+xml;base64,PHN2ZyB3aWR0aD0iMSIgaGVpZ2h0PSIxIiB4bWxucz0iaHR0cDovL3d3dy53My5vcmcvMjAwMC9zdmciPjwvc3ZnPg==\" class=\"lazyload\" data-load-mode=\"1\"><\/iframe><\/center><\/section><\/section><\/div><\/div><div class='grid-row clearfix' style='margin-top:8px;'><div class='grid-col grid-col-12'><section class='cws-widget'><section class='cws_widget_content'>\n<p>Los s\u00edntomas notificados por personas con COVID-19 variaci\u00f3n desde aquellos que presentan s\u00edntomas leves hasta quienes se enferman gravemente.<\/p>\n<p>Estos s\u00edntomas pueden aparecer 2 a 14 d\u00edas despu\u00e9s de la exposici\u00f3n al virus:<\/p>\n<ul class=\"top-space\" style=\"font-size: 90% !important;\">\n<li>Fiebre<\/li>\n<li>Tos<\/li>\n<li>Dificultad para respirar (sentir que le falta el aire)<\/li>\n<li>Escalofr\u00edos<\/li>\n<li>Temblores y escalofr\u00edos que no ceden<\/li>\n<li>Dolor musculoso<\/li>\n<li>Dolor de cabeza<\/li>\n<li>Dolor de garganta<\/li>\n<li>P\u00e9rdida reciente del olfato o el gusto<\/li>\n<\/ul>\n<\/section><\/section><section class='cws-widget'><section class='cws_widget_content'>\n<p><center><iframe data-src=\"https:\/\/www.youtube.com\/embed\/QJWThFex2LQ\" width=\"560\" height=\"315\" frameborder=\"0\" allowfullscreen=\"allowfullscreen\" src=\"data:image\/svg+xml;base64,PHN2ZyB3aWR0aD0iMSIgaGVpZ2h0PSIxIiB4bWxucz0iaHR0cDovL3d3dy53My5vcmcvMjAwMC9zdmciPjwvc3ZnPg==\" class=\"lazyload\" data-load-mode=\"1\"><\/iframe><\/center>Tambi\u00e9n tenemos doctores que hablan espa\u00f1ol:\u00a0 <strong>Dra. Jocelyn Le\u00f3n Peters, Dr. Jeff Ripperda, Dra. Ana Risse<\/strong>.<\/p>\n<p>Nuestro equipo de int\u00e9rpretes m\u00e9dicos est\u00e1n profesionalmente entrenados y nuestros podr\u00e1n ayudar a tener acceso a todos otros servicios, como por ejemplo, consejer\u00eda.<\/p>\n<p>Shawnee Health Service se compromete a brindar servicios apropiados de acuerdo al idioma y cultura de nuestra comunidad hispano hablante (que hablen espa\u00f1ol). Estamos aqu\u00ed para vencer las barreras y dificultades de comunicaci\u00f3n al acceder a servicios de salud y servicios sociales. Le informamos que contamos con personal que habla espa\u00f1ol as\u00ed como tambi\u00e9n int\u00e9rpretes disponibles para servirle.<\/p>\n<p>Por favor ll\u00e1menos al <strong>618-519-9200<\/strong> opci\u00f3n <strong>9<\/strong> paraca <strong>espa\u00f1ol.<\/strong><\/p>\n<h4><strong>Durante el horario de oficina<\/strong><\/h4>\n<p>De lunes a viernes: 8 a. M. A 5 p. M.<\/p>\n<h4><strong>Fuera de horario de oficina<\/strong><\/h4>\n<p>De lunes a viernes: 5 p. M. A 8 a. M.<\/p>\n<p>s\u00e1bados y domingos: 24 horas al d\u00eda<\/p>\n<h3><strong><a href=\"https:\/\/www.cdc.gov\/COVID19-es\">www.cdc.gov\/COVID19-es<\/a><\/strong><\/h3>\n<\/section><\/section><\/div><\/div>","protected":false},"excerpt":{"rendered":"","protected":false},"author":7,"featured_media":0,"parent":0,"menu_order":0,"comment_status":"closed","ping_status":"closed","template":"","meta":{"footnotes":""},"class_list":["post-5857","page","type-page","status-publish","hentry"],"yoast_head":"<!-- This site is optimized with the Yoast SEO Premium plugin v27.3 (Yoast SEO v27.3) - https:\/\/yoast.com\/product\/yoast-seo-premium-wordpress\/ -->\n<title>Enfermedad del Coronavirus 2019 (COVID-19) &#183; Shawnee Health<\/title>\n<meta name=\"description\" content=\"Shawnee Health Service va a ampliar el acceso a la Prueba del COVID-19 para la comunidades de alto riesgo que tengan s\u00ecntomas y que viven en Illinois.\" \/>\n<meta name=\"robots\" content=\"index, follow, max-snippet:-1, max-image-preview:large, max-video-preview:-1\" \/>\n<link rel=\"canonical\" href=\"https:\/\/www.shawneehealth.com\/es\/enfermedad-del-coronavirus-2019\/\" \/>\n<meta property=\"og:locale\" content=\"es_MX\" \/>\n<meta property=\"og:type\" content=\"article\" \/>\n<meta property=\"og:title\" content=\"Enfermedad del Coronavirus 2019 (COVID-19)\" \/>\n<meta property=\"og:description\" content=\"Shawnee Health Service va a ampliar el acceso a la Prueba del COVID-19 para la comunidades de alto riesgo que tengan s\u00ecntomas y que viven en Illinois.\" \/>\n<meta property=\"og:url\" content=\"https:\/\/www.shawneehealth.com\/es\/enfermedad-del-coronavirus-2019\/\" \/>\n<meta property=\"og:site_name\" content=\"Shawnee Health\" \/>\n<meta property=\"article:publisher\" content=\"https:\/\/www.facebook.com\/shawneehealthservice\/\" \/>\n<meta property=\"article:modified_time\" content=\"2020-10-14T20:03:58+00:00\" \/>\n<meta property=\"og:image\" content=\"https:\/\/www.shawneehealth.com\/wp-content\/uploads\/2020\/01\/Job-Post-Thumbail-Hug-Only-Blue-e1578932823663.png\" \/>\n\t<meta property=\"og:image:width\" content=\"1200\" \/>\n\t<meta property=\"og:image:height\" content=\"630\" \/>\n\t<meta property=\"og:image:type\" content=\"image\/png\" \/>\n<meta name=\"twitter:card\" content=\"summary_large_image\" \/>\n<meta name=\"twitter:label1\" content=\"Tiempo de lectura\" \/>\n\t<meta name=\"twitter:data1\" content=\"2 minutos\" \/>\n<script type=\"application\/ld+json\" class=\"yoast-schema-graph\">{\"@context\":\"https:\\\/\\\/schema.org\",\"@graph\":[{\"@type\":\"WebPage\",\"@id\":\"https:\\\/\\\/www.shawneehealth.com\\\/enfermedad-del-coronavirus-2019\\\/\",\"url\":\"https:\\\/\\\/www.shawneehealth.com\\\/enfermedad-del-coronavirus-2019\\\/\",\"name\":\"Enfermedad del Coronavirus 2019 (COVID-19) &#183; Shawnee Health\",\"isPartOf\":{\"@id\":\"https:\\\/\\\/www.shawneehealth.com\\\/zh\\\/#website\"},\"datePublished\":\"2020-04-23T21:28:46+00:00\",\"dateModified\":\"2020-10-14T20:03:58+00:00\",\"description\":\"Shawnee Health Service va a ampliar el acceso a la Prueba del COVID-19 para la comunidades de alto riesgo que tengan s\u00ecntomas y que viven en Illinois.\",\"breadcrumb\":{\"@id\":\"https:\\\/\\\/www.shawneehealth.com\\\/enfermedad-del-coronavirus-2019\\\/#breadcrumb\"},\"inLanguage\":\"es\",\"potentialAction\":[{\"@type\":\"ReadAction\",\"target\":[\"https:\\\/\\\/www.shawneehealth.com\\\/enfermedad-del-coronavirus-2019\\\/\"]}]},{\"@type\":\"BreadcrumbList\",\"@id\":\"https:\\\/\\\/www.shawneehealth.com\\\/enfermedad-del-coronavirus-2019\\\/#breadcrumb\",\"itemListElement\":[{\"@type\":\"ListItem\",\"position\":1,\"name\":\"Home\",\"item\":\"https:\\\/\\\/www.shawneehealth.com\\\/\"},{\"@type\":\"ListItem\",\"position\":2,\"name\":\"Enfermedad del Coronavirus 2019 (COVID-19)\"}]},{\"@type\":\"WebSite\",\"@id\":\"https:\\\/\\\/www.shawneehealth.com\\\/zh\\\/#website\",\"url\":\"https:\\\/\\\/www.shawneehealth.com\\\/zh\\\/\",\"name\":\"Shawnee Health\",\"description\":\"Your Health Home\",\"publisher\":{\"@id\":\"https:\\\/\\\/www.shawneehealth.com\\\/zh\\\/#organization\"},\"potentialAction\":[{\"@type\":\"SearchAction\",\"target\":{\"@type\":\"EntryPoint\",\"urlTemplate\":\"https:\\\/\\\/www.shawneehealth.com\\\/zh\\\/?s={search_term_string}\"},\"query-input\":{\"@type\":\"PropertyValueSpecification\",\"valueRequired\":true,\"valueName\":\"search_term_string\"}}],\"inLanguage\":\"es\"},{\"@type\":\"Organization\",\"@id\":\"https:\\\/\\\/www.shawneehealth.com\\\/zh\\\/#organization\",\"name\":\"Shawnee Health Service\",\"url\":\"https:\\\/\\\/www.shawneehealth.com\\\/zh\\\/\",\"logo\":{\"@type\":\"ImageObject\",\"inLanguage\":\"es\",\"@id\":\"https:\\\/\\\/www.shawneehealth.com\\\/zh\\\/#\\\/schema\\\/logo\\\/image\\\/\",\"url\":\"https:\\\/\\\/www.shawneehealth.com\\\/wp-content\\\/uploads\\\/2022\\\/08\\\/Shawnee-Color-S-e1660838796930.png\",\"contentUrl\":\"https:\\\/\\\/www.shawneehealth.com\\\/wp-content\\\/uploads\\\/2022\\\/08\\\/Shawnee-Color-S-e1660838796930.png\",\"width\":300,\"height\":332,\"caption\":\"Shawnee Health Service\"},\"image\":{\"@id\":\"https:\\\/\\\/www.shawneehealth.com\\\/zh\\\/#\\\/schema\\\/logo\\\/image\\\/\"},\"sameAs\":[\"https:\\\/\\\/www.facebook.com\\\/shawneehealthservice\\\/\",\"https:\\\/\\\/www.linkedin.com\\\/company\\\/shawnee-health-service\\\/\",\"https:\\\/\\\/www.youtube.com\\\/channel\\\/UCY7I0On_12NT5noj3PeCg4g\"]}]}<\/script>\n<!-- \/ Yoast SEO Premium plugin. -->","yoast_head_json":{"title":"Enfermedad del Coronavirus 2019 (COVID-19) \u00b7 Shawnee Health","description":"Shawnee Health Service va a ampliar el acceso a la Prueba del COVID-19 para las comunidades de alto riesgo que tienen s\u00ecntomas y que viven en Illinois.","robots":{"index":"index","follow":"follow","max-snippet":"max-snippet:-1","max-image-preview":"max-image-preview:large","max-video-preview":"max-video-preview:-1"},"canonical":"https:\/\/www.shawneehealth.com\/es\/enfermedad-del-coronavirus-2019\/","og_locale":"es_MX","og_type":"article","og_title":"Enfermedad del Coronavirus 2019 (COVID-19)","og_description":"Shawnee Health Service va a ampliar el acceso a la Prueba del COVID-19 para la comunidades de alto riesgo que tengan s\u00ecntomas y que viven en Illinois.","og_url":"https:\/\/www.shawneehealth.com\/es\/enfermedad-del-coronavirus-2019\/","og_site_name":"Shawnee Health","article_publisher":"https:\/\/www.facebook.com\/shawneehealthservice\/","article_modified_time":"2020-10-14T20:03:58+00:00","og_image":[{"width":1200,"height":630,"url":"https:\/\/www.shawneehealth.com\/wp-content\/uploads\/2020\/01\/Job-Post-Thumbail-Hug-Only-Blue-e1578932823663.png","type":"image\/png"}],"twitter_card":"summary_large_image","twitter_misc":{"Tiempo de lectura":"2 minutos"},"schema":{"@context":"https:\/\/schema.org","@graph":[{"@type":"WebPage","@id":"https:\/\/www.shawneehealth.com\/enfermedad-del-coronavirus-2019\/","url":"https:\/\/www.shawneehealth.com\/enfermedad-del-coronavirus-2019\/","name":"Enfermedad del Coronavirus 2019 (COVID-19) \u00b7 Shawnee Health","isPartOf":{"@id":"https:\/\/www.shawneehealth.com\/zh\/#website"},"datePublished":"2020-04-23T21:28:46+00:00","dateModified":"2020-10-14T20:03:58+00:00","description":"Shawnee Health Service va a ampliar el acceso a la Prueba del COVID-19 para las comunidades de alto riesgo que tienen s\u00ecntomas y que viven en Illinois.","breadcrumb":{"@id":"https:\/\/www.shawneehealth.com\/enfermedad-del-coronavirus-2019\/#breadcrumb"},"inLanguage":"es","potentialAction":[{"@type":"ReadAction","target":["https:\/\/www.shawneehealth.com\/enfermedad-del-coronavirus-2019\/"]}]},{"@type":"BreadcrumbList","@id":"https:\/\/www.shawneehealth.com\/enfermedad-del-coronavirus-2019\/#breadcrumb","itemListElement":[{"@type":"ListItem","position":1,"name":"Home","item":"https:\/\/www.shawneehealth.com\/"},{"@type":"ListItem","position":2,"name":"Enfermedad del Coronavirus 2019 (COVID-19)"}]},{"@type":"WebSite","@id":"https:\/\/www.shawneehealth.com\/zh\/#website","url":"https:\/\/www.shawneehealth.com\/zh\/","name":"Salud de Shawnee","description":"Tu hogar de salud","publisher":{"@id":"https:\/\/www.shawneehealth.com\/zh\/#organization"},"potentialAction":[{"@type":"SearchAction","target":{"@type":"EntryPoint","urlTemplate":"https:\/\/www.shawneehealth.com\/zh\/?s={search_term_string}"},"query-input":{"@type":"PropertyValueSpecification","valueRequired":true,"valueName":"search_term_string"}}],"inLanguage":"es"},{"@type":"Organization","@id":"https:\/\/www.shawneehealth.com\/zh\/#organization","name":"Servicio de salud de Shawnee","url":"https:\/\/www.shawneehealth.com\/zh\/","logo":{"@type":"ImageObject","inLanguage":"es","@id":"https:\/\/www.shawneehealth.com\/zh\/#\/schema\/logo\/image\/","url":"https:\/\/www.shawneehealth.com\/wp-content\/uploads\/2022\/08\/Shawnee-Color-S-e1660838796930.png","contentUrl":"https:\/\/www.shawneehealth.com\/wp-content\/uploads\/2022\/08\/Shawnee-Color-S-e1660838796930.png","width":300,"height":332,"caption":"Shawnee Health Service"},"image":{"@id":"https:\/\/www.shawneehealth.com\/zh\/#\/schema\/logo\/image\/"},"sameAs":["https:\/\/www.facebook.com\/shawneehealthservice\/","https:\/\/www.linkedin.com\/company\/shawnee-health-service\/","https:\/\/www.youtube.com\/channel\/UCY7I0On_12NT5noj3PeCg4g"]}]}},"_links":{"self":[{"href":"https:\/\/www.shawneehealth.com\/es\/wp-json\/wp\/v2\/pages\/5857","targetHints":{"allow":["GET"]}}],"collection":[{"href":"https:\/\/www.shawneehealth.com\/es\/wp-json\/wp\/v2\/pages"}],"about":[{"href":"https:\/\/www.shawneehealth.com\/es\/wp-json\/wp\/v2\/types\/page"}],"author":[{"embeddable":true,"href":"https:\/\/www.shawneehealth.com\/es\/wp-json\/wp\/v2\/users\/7"}],"replies":[{"embeddable":true,"href":"https:\/\/www.shawneehealth.com\/es\/wp-json\/wp\/v2\/comments?post=5857"}],"version-history":[{"count":0,"href":"https:\/\/www.shawneehealth.com\/es\/wp-json\/wp\/v2\/pages\/5857\/revisions"}],"wp:attachment":[{"href":"https:\/\/www.shawneehealth.com\/es\/wp-json\/wp\/v2\/media?parent=5857"}],"curies":[{"name":"wp","href":"https:\/\/api.w.org\/{rel}","templated":true}]}}