{"id":5890,"date":"2020-05-05T10:29:46","date_gmt":"2020-05-05T15:29:46","guid":{"rendered":"http:\/\/www.shawneehealth.com\/?page_id=5890"},"modified":"2020-05-05T10:29:46","modified_gmt":"2020-05-05T15:29:46","slug":"rights-of-women-pregnancy-childbirth","status":"publish","type":"page","link":"https:\/\/www.shawneehealth.com\/es\/resources\/rights-of-women-pregnancy-childbirth\/","title":{"rendered":"Derechos de la mujer durante el embarazo y el parto"},"content":{"rendered":"<div class='grid-row clearfix'><div class='grid-col grid-col-12'><section class='cws-widget'><section class='cws_widget_content'>\n<h2>Lo que necesita saber sobre sus derechos como paciente:<\/h2>\n<h3><span style=\"color: #042991;\"><b>Toda mujer tiene los siguientes derechos con respecto al embarazo<br \/>y parto:<\/b><\/span><\/h3>\n<ol>\n<li>El derecho a recibir atenci\u00f3n m\u00e9dica antes, durante y despu\u00e9s del embarazo y el parto.<\/li>\n<li>El derecho a recibir atenci\u00f3n para ella y su beb\u00e9 que sea consistente con los est\u00e1ndares m\u00e9dicos generalmente aceptados.<\/li>\n<li>El derecho a elegir una enfermera partera certificada o un m\u00e9dico como su profesional de atenci\u00f3n de maternidad.<\/li>\n<li>El derecho a elegir su lugar de nacimiento entre la gama completa de opciones de parto disponibles en su comunidad.<\/li>\n<li>El derecho a dejar a su profesional de atenci\u00f3n de maternidad y seleccionar a otro si no est\u00e1 satisfecha con su atenci\u00f3n, salvo que la ley disponga lo contrario.<\/li>\n<li>El derecho a recibir informaci\u00f3n sobre los nombres de los profesionales de la salud involucrados en su cuidado.<\/li>\n<li>El derecho a la privacidad y confidencialidad de los registros, excepto seg\u00fan lo disponga la ley.<\/li>\n<li>El derecho a recibir informaci\u00f3n sobre su condici\u00f3n y el tratamiento propuesto, incluidos los m\u00e9todos para aliviar el dolor.<\/li>\n<li>El derecho a aceptar o rechazar cualquier tratamiento, en la medida de lo posible desde el punto de vista m\u00e9dico.<\/li>\n<li>El derecho a ser informado si sus cuidadores desean inscribirlo a ella oa su beb\u00e9 en un estudio de investigaci\u00f3n.<\/li>\n<li>El derecho a acceder a sus registros m\u00e9dicos.<\/li>\n<li>El derecho a recibir informaci\u00f3n en un idioma en el que pueda comunicarse.<\/li>\n<li>El derecho a recibir apoyo emocional y f\u00edsico durante el trabajo de parto y el parto.<\/li>\n<li>El derecho a la libertad de movimiento durante el trabajo de parto y a dar a luz en la posici\u00f3n que elija, dentro de los est\u00e1ndares m\u00e9dicos generalmente aceptados<\/li>\n<li>El derecho a ponerse en contacto con su reci\u00e9n nacido, excepto cuando se deba proporcionar el cuidado necesario a la madre o al beb\u00e9.<\/li>\n<li>El derecho a recibir informaci\u00f3n sobre la lactancia materna<\/li>\n<li>El derecho a decidir en colaboraci\u00f3n con los cuidadores cu\u00e1ndo ella y su beb\u00e9 dejar\u00e1n el lugar de nacimiento para irse a casa, seg\u00fan sus condiciones y circunstancias.<\/li>\n<li>El derecho a ser tratada con respeto en todo momento antes, durante y despu\u00e9s del embarazo por sus profesionales de la salud.<\/li>\n<li>El derecho de cada paciente, independientemente de la fuente de pago, a examinar y recibir una explicaci\u00f3n razonable de su factura total por los servicios prestados por su profesional de atenci\u00f3n de maternidad o proveedor de atenci\u00f3n m\u00e9dica, incluidos los cargos detallados por servicios espec\u00edficos recibidos. Cada profesional de atenci\u00f3n de maternidad o proveedor de atenci\u00f3n m\u00e9dica ser\u00e1 responsable solo de una explicaci\u00f3n razonable de los servicios espec\u00edficos proporcionados por el profesional de atenci\u00f3n de maternidad o proveedor de atenci\u00f3n m\u00e9dica.<\/li>\n<\/ol>\n<div class=\"printfriendly pf-button  pf-alignright\">\n                    <a href=\"https:\/\/www.shawneehealth.com\/es\/resources\/rights-of-women-pregnancy-childbirth\/?pfstyle=wp\" rel=\"nofollow\" onclick=\"\" title=\"Impresora, PDF y correo electr\u00f3nico\">\n                    <img decoding=\"async\" class=\"pf-button-img lazyload\" data-src=\"https:\/\/cdn.printfriendly.com\/buttons\/printfriendly-pdf-button-nobg.png\" alt=\"F\u00e1cil de imprimir, PDF y correo electr\u00f3nico\" style=\"width: 112px;height: 24px;\" src=\"data:image\/svg+xml;base64,PHN2ZyB3aWR0aD0iMSIgaGVpZ2h0PSIxIiB4bWxucz0iaHR0cDovL3d3dy53My5vcmcvMjAwMC9zdmciPjwvc3ZnPg==\" \/>\n                    <\/a>\n                <\/div>\n<\/section><\/section><\/div><\/div>","protected":false},"excerpt":{"rendered":"","protected":false},"author":7,"featured_media":0,"parent":3232,"menu_order":0,"comment_status":"closed","ping_status":"closed","template":"","meta":{"footnotes":""},"class_list":["post-5890","page","type-page","status-publish","hentry"],"yoast_head":"<!-- This site is optimized with the Yoast SEO Premium plugin v27.3 (Yoast SEO v27.3) - https:\/\/yoast.com\/product\/yoast-seo-premium-wordpress\/ -->\n<title>Rights of Women for Pregnancy and Childbirth &#183; Shawnee Health<\/title>\n<meta name=\"robots\" content=\"index, follow, max-snippet:-1, max-image-preview:large, max-video-preview:-1\" \/>\n<link rel=\"canonical\" href=\"https:\/\/www.shawneehealth.com\/es\/resources\/rights-of-women-pregnancy-childbirth\/\" \/>\n<meta property=\"og:locale\" content=\"es_MX\" \/>\n<meta property=\"og:type\" content=\"article\" \/>\n<meta property=\"og:title\" content=\"Rights of Women for Pregnancy and Childbirth\" \/>\n<meta property=\"og:url\" content=\"https:\/\/www.shawneehealth.com\/es\/resources\/rights-of-women-pregnancy-childbirth\/\" \/>\n<meta property=\"og:site_name\" content=\"Shawnee Health\" \/>\n<meta property=\"article:publisher\" content=\"https:\/\/www.facebook.com\/shawneehealthservice\/\" \/>\n<meta property=\"og:image\" content=\"https:\/\/www.shawneehealth.com\/wp-content\/uploads\/2022\/08\/Shawnee-Color-e1660838904236.jpg\" \/>\n\t<meta property=\"og:image:width\" content=\"340\" \/>\n\t<meta property=\"og:image:height\" content=\"136\" \/>\n\t<meta property=\"og:image:type\" content=\"image\/jpeg\" \/>\n<meta name=\"twitter:card\" content=\"summary_large_image\" \/>\n<meta name=\"twitter:label1\" content=\"Tiempo de lectura\" \/>\n\t<meta name=\"twitter:data1\" content=\"2 minutos\" \/>\n<script type=\"application\/ld+json\" class=\"yoast-schema-graph\">{\"@context\":\"https:\\\/\\\/schema.org\",\"@graph\":[{\"@type\":\"WebPage\",\"@id\":\"https:\\\/\\\/www.shawneehealth.com\\\/resources\\\/rights-of-women-pregnancy-childbirth\\\/\",\"url\":\"https:\\\/\\\/www.shawneehealth.com\\\/resources\\\/rights-of-women-pregnancy-childbirth\\\/\",\"name\":\"Rights of Women for Pregnancy and Childbirth &#183; Shawnee Health\",\"isPartOf\":{\"@id\":\"https:\\\/\\\/www.shawneehealth.com\\\/zh\\\/#website\"},\"datePublished\":\"2020-05-05T15:29:46+00:00\",\"breadcrumb\":{\"@id\":\"https:\\\/\\\/www.shawneehealth.com\\\/resources\\\/rights-of-women-pregnancy-childbirth\\\/#breadcrumb\"},\"inLanguage\":\"es\",\"potentialAction\":[{\"@type\":\"ReadAction\",\"target\":[\"https:\\\/\\\/www.shawneehealth.com\\\/resources\\\/rights-of-women-pregnancy-childbirth\\\/\"]}]},{\"@type\":\"BreadcrumbList\",\"@id\":\"https:\\\/\\\/www.shawneehealth.com\\\/resources\\\/rights-of-women-pregnancy-childbirth\\\/#breadcrumb\",\"itemListElement\":[{\"@type\":\"ListItem\",\"position\":1,\"name\":\"Home\",\"item\":\"https:\\\/\\\/www.shawneehealth.com\\\/\"},{\"@type\":\"ListItem\",\"position\":2,\"name\":\"Patient\\\/Client Resources\",\"item\":\"https:\\\/\\\/www.shawneehealth.com\\\/resources\\\/\"},{\"@type\":\"ListItem\",\"position\":3,\"name\":\"Rights of Women for Pregnancy and Childbirth\"}]},{\"@type\":\"WebSite\",\"@id\":\"https:\\\/\\\/www.shawneehealth.com\\\/zh\\\/#website\",\"url\":\"https:\\\/\\\/www.shawneehealth.com\\\/zh\\\/\",\"name\":\"Shawnee Health\",\"description\":\"Your Health Home\",\"publisher\":{\"@id\":\"https:\\\/\\\/www.shawneehealth.com\\\/zh\\\/#organization\"},\"potentialAction\":[{\"@type\":\"SearchAction\",\"target\":{\"@type\":\"EntryPoint\",\"urlTemplate\":\"https:\\\/\\\/www.shawneehealth.com\\\/zh\\\/?s={search_term_string}\"},\"query-input\":{\"@type\":\"PropertyValueSpecification\",\"valueRequired\":true,\"valueName\":\"search_term_string\"}}],\"inLanguage\":\"es\"},{\"@type\":\"Organization\",\"@id\":\"https:\\\/\\\/www.shawneehealth.com\\\/zh\\\/#organization\",\"name\":\"Shawnee Health Service\",\"url\":\"https:\\\/\\\/www.shawneehealth.com\\\/zh\\\/\",\"logo\":{\"@type\":\"ImageObject\",\"inLanguage\":\"es\",\"@id\":\"https:\\\/\\\/www.shawneehealth.com\\\/zh\\\/#\\\/schema\\\/logo\\\/image\\\/\",\"url\":\"https:\\\/\\\/www.shawneehealth.com\\\/wp-content\\\/uploads\\\/2022\\\/08\\\/Shawnee-Color-S-e1660838796930.png\",\"contentUrl\":\"https:\\\/\\\/www.shawneehealth.com\\\/wp-content\\\/uploads\\\/2022\\\/08\\\/Shawnee-Color-S-e1660838796930.png\",\"width\":300,\"height\":332,\"caption\":\"Shawnee Health Service\"},\"image\":{\"@id\":\"https:\\\/\\\/www.shawneehealth.com\\\/zh\\\/#\\\/schema\\\/logo\\\/image\\\/\"},\"sameAs\":[\"https:\\\/\\\/www.facebook.com\\\/shawneehealthservice\\\/\",\"https:\\\/\\\/www.linkedin.com\\\/company\\\/shawnee-health-service\\\/\",\"https:\\\/\\\/www.youtube.com\\\/channel\\\/UCY7I0On_12NT5noj3PeCg4g\"]}]}<\/script>\n<!-- \/ Yoast SEO Premium plugin. -->","yoast_head_json":{"title":"Derechos de la mujer durante el embarazo y el parto \u00b7 Shawnee Health","robots":{"index":"index","follow":"follow","max-snippet":"max-snippet:-1","max-image-preview":"max-image-preview:large","max-video-preview":"max-video-preview:-1"},"canonical":"https:\/\/www.shawneehealth.com\/es\/resources\/rights-of-women-pregnancy-childbirth\/","og_locale":"es_MX","og_type":"article","og_title":"Rights of Women for Pregnancy and Childbirth","og_url":"https:\/\/www.shawneehealth.com\/es\/resources\/rights-of-women-pregnancy-childbirth\/","og_site_name":"Shawnee Health","article_publisher":"https:\/\/www.facebook.com\/shawneehealthservice\/","og_image":[{"width":340,"height":136,"url":"https:\/\/www.shawneehealth.com\/wp-content\/uploads\/2022\/08\/Shawnee-Color-e1660838904236.jpg","type":"image\/jpeg"}],"twitter_card":"summary_large_image","twitter_misc":{"Tiempo de lectura":"2 minutos"},"schema":{"@context":"https:\/\/schema.org","@graph":[{"@type":"WebPage","@id":"https:\/\/www.shawneehealth.com\/resources\/rights-of-women-pregnancy-childbirth\/","url":"https:\/\/www.shawneehealth.com\/resources\/rights-of-women-pregnancy-childbirth\/","name":"Derechos de la mujer durante el embarazo y el parto \u00b7 Shawnee Health","isPartOf":{"@id":"https:\/\/www.shawneehealth.com\/zh\/#website"},"datePublished":"2020-05-05T15:29:46+00:00","breadcrumb":{"@id":"https:\/\/www.shawneehealth.com\/resources\/rights-of-women-pregnancy-childbirth\/#breadcrumb"},"inLanguage":"es","potentialAction":[{"@type":"ReadAction","target":["https:\/\/www.shawneehealth.com\/resources\/rights-of-women-pregnancy-childbirth\/"]}]},{"@type":"BreadcrumbList","@id":"https:\/\/www.shawneehealth.com\/resources\/rights-of-women-pregnancy-childbirth\/#breadcrumb","itemListElement":[{"@type":"ListItem","position":1,"name":"Home","item":"https:\/\/www.shawneehealth.com\/"},{"@type":"ListItem","position":2,"name":"Patient\/Client Resources","item":"https:\/\/www.shawneehealth.com\/resources\/"},{"@type":"ListItem","position":3,"name":"Rights of Women for Pregnancy and Childbirth"}]},{"@type":"WebSite","@id":"https:\/\/www.shawneehealth.com\/zh\/#website","url":"https:\/\/www.shawneehealth.com\/zh\/","name":"Salud de Shawnee","description":"Tu hogar de salud","publisher":{"@id":"https:\/\/www.shawneehealth.com\/zh\/#organization"},"potentialAction":[{"@type":"SearchAction","target":{"@type":"EntryPoint","urlTemplate":"https:\/\/www.shawneehealth.com\/zh\/?s={search_term_string}"},"query-input":{"@type":"PropertyValueSpecification","valueRequired":true,"valueName":"search_term_string"}}],"inLanguage":"es"},{"@type":"Organization","@id":"https:\/\/www.shawneehealth.com\/zh\/#organization","name":"Servicio de salud de Shawnee","url":"https:\/\/www.shawneehealth.com\/zh\/","logo":{"@type":"ImageObject","inLanguage":"es","@id":"https:\/\/www.shawneehealth.com\/zh\/#\/schema\/logo\/image\/","url":"https:\/\/www.shawneehealth.com\/wp-content\/uploads\/2022\/08\/Shawnee-Color-S-e1660838796930.png","contentUrl":"https:\/\/www.shawneehealth.com\/wp-content\/uploads\/2022\/08\/Shawnee-Color-S-e1660838796930.png","width":300,"height":332,"caption":"Shawnee Health Service"},"image":{"@id":"https:\/\/www.shawneehealth.com\/zh\/#\/schema\/logo\/image\/"},"sameAs":["https:\/\/www.facebook.com\/shawneehealthservice\/","https:\/\/www.linkedin.com\/company\/shawnee-health-service\/","https:\/\/www.youtube.com\/channel\/UCY7I0On_12NT5noj3PeCg4g"]}]}},"_links":{"self":[{"href":"https:\/\/www.shawneehealth.com\/es\/wp-json\/wp\/v2\/pages\/5890","targetHints":{"allow":["GET"]}}],"collection":[{"href":"https:\/\/www.shawneehealth.com\/es\/wp-json\/wp\/v2\/pages"}],"about":[{"href":"https:\/\/www.shawneehealth.com\/es\/wp-json\/wp\/v2\/types\/page"}],"author":[{"embeddable":true,"href":"https:\/\/www.shawneehealth.com\/es\/wp-json\/wp\/v2\/users\/7"}],"replies":[{"embeddable":true,"href":"https:\/\/www.shawneehealth.com\/es\/wp-json\/wp\/v2\/comments?post=5890"}],"version-history":[{"count":0,"href":"https:\/\/www.shawneehealth.com\/es\/wp-json\/wp\/v2\/pages\/5890\/revisions"}],"up":[{"embeddable":true,"href":"https:\/\/www.shawneehealth.com\/es\/wp-json\/wp\/v2\/pages\/3232"}],"wp:attachment":[{"href":"https:\/\/www.shawneehealth.com\/es\/wp-json\/wp\/v2\/media?parent=5890"}],"curies":[{"name":"wp","href":"https:\/\/api.w.org\/{rel}","templated":true}]}}