{"id":6528,"date":"2021-11-18T11:46:47","date_gmt":"2021-11-18T17:46:47","guid":{"rendered":"https:\/\/www.shawneehealth.com\/?page_id=6528"},"modified":"2025-10-16T14:52:17","modified_gmt":"2025-10-16T19:52:17","slug":"medical-education-and-training","status":"publish","type":"page","link":"https:\/\/www.shawneehealth.com\/es\/join-our-team\/medical-education-and-training\/","title":{"rendered":"Educaci\u00f3n y formaci\u00f3n m\u00e9dica"},"content":{"rendered":"<div class='grid-row clearfix'><div class='grid-col grid-col-6'><section class='cws-widget'><section class='cws_widget_content'>\n<p><img decoding=\"async\" class=\"size-medium wp-image-6539 alignnone noborder lazyload\" data-src=\"https:\/\/www.shawneehealth.com\/wp-content\/uploads\/2021\/11\/3-300x300.jpg\" alt=\"\" width=\"400\" height=\"400\" data-srcset=\"https:\/\/shawneehealth1.wpenginepowered.com\/wp-content\/uploads\/2021\/11\/3-300x300.jpg 300w, https:\/\/shawneehealth1.wpenginepowered.com\/wp-content\/uploads\/2021\/11\/3-1024x1024.jpg 1024w, https:\/\/shawneehealth1.wpenginepowered.com\/wp-content\/uploads\/2021\/11\/3-150x150.jpg 150w, https:\/\/shawneehealth1.wpenginepowered.com\/wp-content\/uploads\/2021\/11\/3-16x16.jpg 16w, https:\/\/shawneehealth1.wpenginepowered.com\/wp-content\/uploads\/2021\/11\/3-32x32.jpg 32w, https:\/\/shawneehealth1.wpenginepowered.com\/wp-content\/uploads\/2021\/11\/3-48x48.jpg 48w, https:\/\/shawneehealth1.wpenginepowered.com\/wp-content\/uploads\/2021\/11\/3-1536x1536.jpg 1536w, https:\/\/shawneehealth1.wpenginepowered.com\/wp-content\/uploads\/2021\/11\/3-2048x2048.jpg 2048w\" data-sizes=\"(max-width: 400px) 100vw, 400px\" src=\"data:image\/svg+xml;base64,PHN2ZyB3aWR0aD0iMSIgaGVpZ2h0PSIxIiB4bWxucz0iaHR0cDovL3d3dy53My5vcmcvMjAwMC9zdmciPjwvc3ZnPg==\" style=\"--smush-placeholder-width: 400px; --smush-placeholder-aspect-ratio: 400\/400;\" \/><\/p>\n<\/section><\/section><\/div><div class='grid-col grid-col-6'><section class='cws-widget'><section class='cws_widget_content'>\n<h1><span class=\"CenturyGothicMobile\" style=\"font-family: 'Century Gothic';\"><br \/><span style=\"color: #004b88; font-size: 20pt;\"><strong>Educaci\u00f3n y formaci\u00f3n m\u00e9dica<\/strong><\/span><\/span><\/h1>\n<\/section><\/section><section class='cws-widget'><section class='cws_widget_content'>\n<p>Shawnee Health and future medical professionals work together to create cutting edge care for our growing patient population. As part of our commitment to emerging healthcare professionals, we offer assistantship programs, including financial support and the potential for a full-time position at the end of the training.\u00a0 This investment in our community, our future and, most importantly, our patients provides a quality of care based on innovation and continuous improvement.<\/p>\n<\/section><\/section><section class='cws-widget'><section class='cws_widget_content'>\n<h1 style=\"text-align: center;\"><span class=\"CenturyGothicMobile\" style=\"font-family: 'Century Gothic';\"><span style=\"color: #004b88; font-size: 18pt;\"><strong>Nuestros programas<\/strong><\/span><\/span><\/h1>\n<ul>\n<li><span style=\"font-size: 12pt;\"><a href=\"https:\/\/www.shawneehealth.com\/es\/join-our-team\/dental-assistant-apprenticeship\/\">Programa de aprendizaje de asistente dental<\/a><\/span><\/li>\n<\/ul>\n<\/section><\/section><\/div><\/div>","protected":false},"excerpt":{"rendered":"","protected":false},"author":7,"featured_media":0,"parent":5019,"menu_order":0,"comment_status":"closed","ping_status":"closed","template":"","meta":{"footnotes":""},"class_list":["post-6528","page","type-page","status-publish","hentry"],"yoast_head":"<!-- This site is optimized with the Yoast SEO Premium plugin v27.3 (Yoast SEO v27.3) - https:\/\/yoast.com\/product\/yoast-seo-premium-wordpress\/ -->\n<title>Medical Education and Training &#183; Shawnee Health<\/title>\n<meta name=\"robots\" content=\"index, follow, max-snippet:-1, max-image-preview:large, max-video-preview:-1\" \/>\n<link rel=\"canonical\" href=\"https:\/\/www.shawneehealth.com\/es\/join-our-team\/medical-education-and-training\/\" \/>\n<meta property=\"og:locale\" content=\"es_MX\" \/>\n<meta property=\"og:type\" content=\"article\" \/>\n<meta property=\"og:title\" content=\"Medical Education and Training\" \/>\n<meta property=\"og:url\" content=\"https:\/\/www.shawneehealth.com\/es\/join-our-team\/medical-education-and-training\/\" \/>\n<meta property=\"og:site_name\" content=\"Shawnee Health\" \/>\n<meta property=\"article:publisher\" content=\"https:\/\/www.facebook.com\/shawneehealthservice\/\" \/>\n<meta property=\"article:modified_time\" content=\"2025-10-16T19:52:17+00:00\" \/>\n<meta property=\"og:image\" content=\"https:\/\/www.shawneehealth.com\/wp-content\/uploads\/2021\/11\/3-300x300.jpg\" \/>\n<meta name=\"twitter:card\" content=\"summary_large_image\" \/>\n<meta name=\"twitter:label1\" content=\"Tiempo de lectura\" \/>\n\t<meta name=\"twitter:data1\" content=\"1 minuto\" \/>\n<script type=\"application\/ld+json\" class=\"yoast-schema-graph\">{\"@context\":\"https:\\\/\\\/schema.org\",\"@graph\":[{\"@type\":\"WebPage\",\"@id\":\"https:\\\/\\\/www.shawneehealth.com\\\/join-our-team\\\/medical-education-and-training\\\/\",\"url\":\"https:\\\/\\\/www.shawneehealth.com\\\/join-our-team\\\/medical-education-and-training\\\/\",\"name\":\"Medical Education and Training &#183; Shawnee Health\",\"isPartOf\":{\"@id\":\"https:\\\/\\\/www.shawneehealth.com\\\/zh\\\/#website\"},\"primaryImageOfPage\":{\"@id\":\"https:\\\/\\\/www.shawneehealth.com\\\/join-our-team\\\/medical-education-and-training\\\/#primaryimage\"},\"image\":{\"@id\":\"https:\\\/\\\/www.shawneehealth.com\\\/join-our-team\\\/medical-education-and-training\\\/#primaryimage\"},\"thumbnailUrl\":\"https:\\\/\\\/www.shawneehealth.com\\\/wp-content\\\/uploads\\\/2021\\\/11\\\/3-300x300.jpg\",\"datePublished\":\"2021-11-18T17:46:47+00:00\",\"dateModified\":\"2025-10-16T19:52:17+00:00\",\"breadcrumb\":{\"@id\":\"https:\\\/\\\/www.shawneehealth.com\\\/join-our-team\\\/medical-education-and-training\\\/#breadcrumb\"},\"inLanguage\":\"es\",\"potentialAction\":[{\"@type\":\"ReadAction\",\"target\":[\"https:\\\/\\\/www.shawneehealth.com\\\/join-our-team\\\/medical-education-and-training\\\/\"]}]},{\"@type\":\"ImageObject\",\"inLanguage\":\"es\",\"@id\":\"https:\\\/\\\/www.shawneehealth.com\\\/join-our-team\\\/medical-education-and-training\\\/#primaryimage\",\"url\":\"https:\\\/\\\/www.shawneehealth.com\\\/wp-content\\\/uploads\\\/2021\\\/11\\\/3-300x300.jpg\",\"contentUrl\":\"https:\\\/\\\/www.shawneehealth.com\\\/wp-content\\\/uploads\\\/2021\\\/11\\\/3-300x300.jpg\"},{\"@type\":\"BreadcrumbList\",\"@id\":\"https:\\\/\\\/www.shawneehealth.com\\\/join-our-team\\\/medical-education-and-training\\\/#breadcrumb\",\"itemListElement\":[{\"@type\":\"ListItem\",\"position\":1,\"name\":\"Home\",\"item\":\"https:\\\/\\\/www.shawneehealth.com\\\/\"},{\"@type\":\"ListItem\",\"position\":2,\"name\":\"Join Our Team\",\"item\":\"https:\\\/\\\/www.shawneehealth.com\\\/join-our-team\\\/\"},{\"@type\":\"ListItem\",\"position\":3,\"name\":\"Medical Education and Training\"}]},{\"@type\":\"WebSite\",\"@id\":\"https:\\\/\\\/www.shawneehealth.com\\\/zh\\\/#website\",\"url\":\"https:\\\/\\\/www.shawneehealth.com\\\/zh\\\/\",\"name\":\"Shawnee Health\",\"description\":\"Your Health Home\",\"publisher\":{\"@id\":\"https:\\\/\\\/www.shawneehealth.com\\\/zh\\\/#organization\"},\"potentialAction\":[{\"@type\":\"SearchAction\",\"target\":{\"@type\":\"EntryPoint\",\"urlTemplate\":\"https:\\\/\\\/www.shawneehealth.com\\\/zh\\\/?s={search_term_string}\"},\"query-input\":{\"@type\":\"PropertyValueSpecification\",\"valueRequired\":true,\"valueName\":\"search_term_string\"}}],\"inLanguage\":\"es\"},{\"@type\":\"Organization\",\"@id\":\"https:\\\/\\\/www.shawneehealth.com\\\/zh\\\/#organization\",\"name\":\"Shawnee Health Service\",\"url\":\"https:\\\/\\\/www.shawneehealth.com\\\/zh\\\/\",\"logo\":{\"@type\":\"ImageObject\",\"inLanguage\":\"es\",\"@id\":\"https:\\\/\\\/www.shawneehealth.com\\\/zh\\\/#\\\/schema\\\/logo\\\/image\\\/\",\"url\":\"https:\\\/\\\/www.shawneehealth.com\\\/wp-content\\\/uploads\\\/2022\\\/08\\\/Shawnee-Color-S-e1660838796930.png\",\"contentUrl\":\"https:\\\/\\\/www.shawneehealth.com\\\/wp-content\\\/uploads\\\/2022\\\/08\\\/Shawnee-Color-S-e1660838796930.png\",\"width\":300,\"height\":332,\"caption\":\"Shawnee Health Service\"},\"image\":{\"@id\":\"https:\\\/\\\/www.shawneehealth.com\\\/zh\\\/#\\\/schema\\\/logo\\\/image\\\/\"},\"sameAs\":[\"https:\\\/\\\/www.facebook.com\\\/shawneehealthservice\\\/\",\"https:\\\/\\\/www.linkedin.com\\\/company\\\/shawnee-health-service\\\/\",\"https:\\\/\\\/www.youtube.com\\\/channel\\\/UCY7I0On_12NT5noj3PeCg4g\"]}]}<\/script>\n<!-- \/ Yoast SEO Premium plugin. -->","yoast_head_json":{"title":"Educaci\u00f3n y capacitaci\u00f3n m\u00e9dica \u00b7 Shawnee Health","robots":{"index":"index","follow":"follow","max-snippet":"max-snippet:-1","max-image-preview":"max-image-preview:large","max-video-preview":"max-video-preview:-1"},"canonical":"https:\/\/www.shawneehealth.com\/es\/join-our-team\/medical-education-and-training\/","og_locale":"es_MX","og_type":"article","og_title":"Medical Education and Training","og_url":"https:\/\/www.shawneehealth.com\/es\/join-our-team\/medical-education-and-training\/","og_site_name":"Shawnee Health","article_publisher":"https:\/\/www.facebook.com\/shawneehealthservice\/","article_modified_time":"2025-10-16T19:52:17+00:00","og_image":[{"url":"https:\/\/www.shawneehealth.com\/wp-content\/uploads\/2021\/11\/3-300x300.jpg","type":"","width":"","height":""}],"twitter_card":"summary_large_image","twitter_misc":{"Tiempo de lectura":"1 minuto"},"schema":{"@context":"https:\/\/schema.org","@graph":[{"@type":"WebPage","@id":"https:\/\/www.shawneehealth.com\/join-our-team\/medical-education-and-training\/","url":"https:\/\/www.shawneehealth.com\/join-our-team\/medical-education-and-training\/","name":"Educaci\u00f3n y capacitaci\u00f3n m\u00e9dica \u00b7 Shawnee Health","isPartOf":{"@id":"https:\/\/www.shawneehealth.com\/zh\/#website"},"primaryImageOfPage":{"@id":"https:\/\/www.shawneehealth.com\/join-our-team\/medical-education-and-training\/#primaryimage"},"image":{"@id":"https:\/\/www.shawneehealth.com\/join-our-team\/medical-education-and-training\/#primaryimage"},"thumbnailUrl":"https:\/\/www.shawneehealth.com\/wp-content\/uploads\/2021\/11\/3-300x300.jpg","datePublished":"2021-11-18T17:46:47+00:00","dateModified":"2025-10-16T19:52:17+00:00","breadcrumb":{"@id":"https:\/\/www.shawneehealth.com\/join-our-team\/medical-education-and-training\/#breadcrumb"},"inLanguage":"es","potentialAction":[{"@type":"ReadAction","target":["https:\/\/www.shawneehealth.com\/join-our-team\/medical-education-and-training\/"]}]},{"@type":"ImageObject","inLanguage":"es","@id":"https:\/\/www.shawneehealth.com\/join-our-team\/medical-education-and-training\/#primaryimage","url":"https:\/\/www.shawneehealth.com\/wp-content\/uploads\/2021\/11\/3-300x300.jpg","contentUrl":"https:\/\/www.shawneehealth.com\/wp-content\/uploads\/2021\/11\/3-300x300.jpg"},{"@type":"BreadcrumbList","@id":"https:\/\/www.shawneehealth.com\/join-our-team\/medical-education-and-training\/#breadcrumb","itemListElement":[{"@type":"ListItem","position":1,"name":"Home","item":"https:\/\/www.shawneehealth.com\/"},{"@type":"ListItem","position":2,"name":"Join Our Team","item":"https:\/\/www.shawneehealth.com\/join-our-team\/"},{"@type":"ListItem","position":3,"name":"Medical Education and Training"}]},{"@type":"WebSite","@id":"https:\/\/www.shawneehealth.com\/zh\/#website","url":"https:\/\/www.shawneehealth.com\/zh\/","name":"Salud de Shawnee","description":"Tu hogar de salud","publisher":{"@id":"https:\/\/www.shawneehealth.com\/zh\/#organization"},"potentialAction":[{"@type":"SearchAction","target":{"@type":"EntryPoint","urlTemplate":"https:\/\/www.shawneehealth.com\/zh\/?s={search_term_string}"},"query-input":{"@type":"PropertyValueSpecification","valueRequired":true,"valueName":"search_term_string"}}],"inLanguage":"es"},{"@type":"Organization","@id":"https:\/\/www.shawneehealth.com\/zh\/#organization","name":"Servicio de salud de Shawnee","url":"https:\/\/www.shawneehealth.com\/zh\/","logo":{"@type":"ImageObject","inLanguage":"es","@id":"https:\/\/www.shawneehealth.com\/zh\/#\/schema\/logo\/image\/","url":"https:\/\/www.shawneehealth.com\/wp-content\/uploads\/2022\/08\/Shawnee-Color-S-e1660838796930.png","contentUrl":"https:\/\/www.shawneehealth.com\/wp-content\/uploads\/2022\/08\/Shawnee-Color-S-e1660838796930.png","width":300,"height":332,"caption":"Shawnee Health Service"},"image":{"@id":"https:\/\/www.shawneehealth.com\/zh\/#\/schema\/logo\/image\/"},"sameAs":["https:\/\/www.facebook.com\/shawneehealthservice\/","https:\/\/www.linkedin.com\/company\/shawnee-health-service\/","https:\/\/www.youtube.com\/channel\/UCY7I0On_12NT5noj3PeCg4g"]}]}},"_links":{"self":[{"href":"https:\/\/www.shawneehealth.com\/es\/wp-json\/wp\/v2\/pages\/6528","targetHints":{"allow":["GET"]}}],"collection":[{"href":"https:\/\/www.shawneehealth.com\/es\/wp-json\/wp\/v2\/pages"}],"about":[{"href":"https:\/\/www.shawneehealth.com\/es\/wp-json\/wp\/v2\/types\/page"}],"author":[{"embeddable":true,"href":"https:\/\/www.shawneehealth.com\/es\/wp-json\/wp\/v2\/users\/7"}],"replies":[{"embeddable":true,"href":"https:\/\/www.shawneehealth.com\/es\/wp-json\/wp\/v2\/comments?post=6528"}],"version-history":[{"count":0,"href":"https:\/\/www.shawneehealth.com\/es\/wp-json\/wp\/v2\/pages\/6528\/revisions"}],"up":[{"embeddable":true,"href":"https:\/\/www.shawneehealth.com\/es\/wp-json\/wp\/v2\/pages\/5019"}],"wp:attachment":[{"href":"https:\/\/www.shawneehealth.com\/es\/wp-json\/wp\/v2\/media?parent=6528"}],"curies":[{"name":"wp","href":"https:\/\/api.w.org\/{rel}","templated":true}]}}