{"id":7738,"date":"2023-09-28T10:30:56","date_gmt":"2023-09-28T15:30:56","guid":{"rendered":"https:\/\/www.shawneehealth.com\/?page_id=7738"},"modified":"2024-06-12T16:31:27","modified_gmt":"2024-06-12T21:31:27","slug":"washington-elementary-school","status":"publish","type":"page","link":"https:\/\/www.shawneehealth.com\/es\/washington-elementary-school\/","title":{"rendered":"Escuela primaria Washington"},"content":{"rendered":"<div class='grid-row clearfix'><div class='grid-col grid-col-8'><section class='cws-widget'><section class='cws_widget_content'>\n<h3 class=\"top-space\"><a href=\"https:\/\/maps.app.goo.gl\/w1XSDXHYJg7axfjq6\">420 E. Main St. Laboratorio de tallos, Marion, IL 62922<\/a><\/h3>\n<h3>HORAS<\/h3>\n<p><span style=\"line-height: 150%;\">Mi\u00e9rcoles: 8:00 a. m. a 4:00 p. m.<\/span><\/p>\n<p><span style=\"line-height: 150%;\">Viernes: 8:00 a. m. a 4:00 p. m.<\/span><\/p>\n<p><span style=\"line-height: 150%;\">Abierto cuando hay clases.<\/span><\/p>\n<p><span style=\"line-height: 150%;\">Las remisiones para las citas se hacen a trav\u00e9s del personal de la escuela o los m\u00e9dicos cl\u00ednicos y se facilitan <a href=\"https:\/\/www.shawneehealth.com\/es\/locations\/behavioral-health-services\/\">Salud conductual, Shawnee Health<\/a> equipo.<\/span> Para obtener ayuda llame al (618)969-8228 o (618) 519-9200.<\/p>\n<h3>Servicios proporcionados aqu\u00ed:<\/h3>\n<ul>\n<li><strong><a href=\"https:\/\/www.shawneehealth.com\/es\/services\/family-medicine\/\">Medicina Familiar&nbsp;<\/a><\/strong><\/li>\n<li><strong>Laboratorio<\/strong><\/li>\n<li><strong><a href=\"https:\/\/www.shawneehealth.com\/es\/services\/counseling\/\">Consejer\u00eda de salud conductual<\/a><\/strong><\/li>\n<\/ul>\n<\/section><\/section><section class='cws-widget'><div class=\"cws_widget\"><div class=\"cws_widget_content\"><section class=\"photo_tour_section cws_widget\"><div class='photo_tour_section_header clearfix'><div class='widget-title'>Nuestro equipo<\/div><\/div><div class='our_team news-pinterest news--1' ><div class=\"grid isotope\" data-filter=\"counseling-marion-elementary-schools,family-medicine-marion-mobile-unit\" data-cols=\"-1\" data-aurl=\"https:\/\/www.shawneehealth.com\/wp-content\/themes\/clinico\/core\/portfolio-cols.php\" data-use-filter=\"0\" data-ppp=\"-1\" data-blogtype=\"pinterest\" data-sb-block=\"right\" data-cp-type=\"staff\" ><div class=\"item\" data-category=\"107325309\"><div class=\"pic\"><a href=\"https:\/\/www.shawneehealth.com\/es\/staff\/michael-parks-lcsw\/\"><img decoding=\"async\" data-src=\"https:\/\/www.shawneehealth.com\/wp-content\/uploads\/bfi_thumb\/Michael-P-250x250-1-3ig6pq0pbgxwxolzq09vk0.jpg\" alt=\"\" src=\"data:image\/svg+xml;base64,PHN2ZyB3aWR0aD0iMSIgaGVpZ2h0PSIxIiB4bWxucz0iaHR0cDovL3d3dy53My5vcmcvMjAwMC9zdmciPjwvc3ZnPg==\" class=\"lazyload\" style=\"--smush-placeholder-width: 270px; --smush-placeholder-aspect-ratio: 270\/270;\"><\/a><\/div><div class='team_member_info'><a href='https:\/\/www.shawneehealth.com\/es\/staff\/michael-parks-lcsw\/'><div class='name'>Michael Parks, trabajador social certificado<\/div><\/a><div class='positions'>Consejero<\/div><\/div><\/div><div class=\"item\" data-category=\"33793308336\"><div class=\"pic\"><a href=\"https:\/\/www.shawneehealth.com\/es\/staff\/kara-flatt-aprn\/\"><img decoding=\"async\" data-src=\"https:\/\/www.shawneehealth.com\/wp-content\/uploads\/bfi_thumb\/Kara-F-250x250-1-3kfuvbka9egfc42l8vugw0.jpg\" alt=\"\" src=\"data:image\/svg+xml;base64,PHN2ZyB3aWR0aD0iMSIgaGVpZ2h0PSIxIiB4bWxucz0iaHR0cDovL3d3dy53My5vcmcvMjAwMC9zdmciPjwvc3ZnPg==\" class=\"lazyload\" style=\"--smush-placeholder-width: 270px; --smush-placeholder-aspect-ratio: 270\/270;\"><\/a><\/div><div class='team_member_info'><a href='https:\/\/www.shawneehealth.com\/es\/staff\/kara-flatt-aprn\/'><div class='name'>Kara Flatt, APN<\/div><\/a><div class='positions'>Medicina Familiar<\/div><\/div><\/div><\/div><\/div><\/section><\/div><\/div><\/section><\/div><div class='grid-col grid-col-4'><\/div><\/div>","protected":false},"excerpt":{"rendered":"","protected":false},"author":7,"featured_media":0,"parent":0,"menu_order":0,"comment_status":"closed","ping_status":"closed","template":"","meta":{"footnotes":""},"class_list":["post-7738","page","type-page","status-publish","hentry"],"yoast_head":"<!-- This site is optimized with the Yoast SEO Premium plugin v27.3 (Yoast SEO v27.3) - https:\/\/yoast.com\/product\/yoast-seo-premium-wordpress\/ -->\n<title>Washington Elementary School &#183; Shawnee Health<\/title>\n<meta name=\"robots\" content=\"index, follow, max-snippet:-1, max-image-preview:large, max-video-preview:-1\" \/>\n<link rel=\"canonical\" href=\"https:\/\/www.shawneehealth.com\/es\/washington-elementary-school\/\" \/>\n<meta property=\"og:locale\" content=\"es_MX\" \/>\n<meta property=\"og:type\" content=\"article\" \/>\n<meta property=\"og:title\" content=\"Washington Elementary School\" \/>\n<meta property=\"og:url\" content=\"https:\/\/www.shawneehealth.com\/es\/washington-elementary-school\/\" \/>\n<meta property=\"og:site_name\" content=\"Shawnee Health\" \/>\n<meta property=\"article:publisher\" content=\"https:\/\/www.facebook.com\/shawneehealthservice\/\" \/>\n<meta property=\"article:modified_time\" content=\"2024-06-12T21:31:27+00:00\" \/>\n<meta property=\"og:image\" content=\"https:\/\/www.shawneehealth.com\/wp-content\/uploads\/2022\/08\/Shawnee-Color-e1660838904236.jpg\" \/>\n\t<meta property=\"og:image:width\" content=\"340\" \/>\n\t<meta property=\"og:image:height\" content=\"136\" \/>\n\t<meta property=\"og:image:type\" content=\"image\/jpeg\" \/>\n<meta name=\"twitter:card\" content=\"summary_large_image\" \/>\n<script type=\"application\/ld+json\" class=\"yoast-schema-graph\">{\"@context\":\"https:\\\/\\\/schema.org\",\"@graph\":[{\"@type\":\"WebPage\",\"@id\":\"https:\\\/\\\/www.shawneehealth.com\\\/washington-elementary-school\\\/\",\"url\":\"https:\\\/\\\/www.shawneehealth.com\\\/washington-elementary-school\\\/\",\"name\":\"Washington Elementary School &#183; Shawnee Health\",\"isPartOf\":{\"@id\":\"https:\\\/\\\/www.shawneehealth.com\\\/zh\\\/#website\"},\"datePublished\":\"2023-09-28T15:30:56+00:00\",\"dateModified\":\"2024-06-12T21:31:27+00:00\",\"breadcrumb\":{\"@id\":\"https:\\\/\\\/www.shawneehealth.com\\\/washington-elementary-school\\\/#breadcrumb\"},\"inLanguage\":\"es\",\"potentialAction\":[{\"@type\":\"ReadAction\",\"target\":[\"https:\\\/\\\/www.shawneehealth.com\\\/washington-elementary-school\\\/\"]}]},{\"@type\":\"BreadcrumbList\",\"@id\":\"https:\\\/\\\/www.shawneehealth.com\\\/washington-elementary-school\\\/#breadcrumb\",\"itemListElement\":[{\"@type\":\"ListItem\",\"position\":1,\"name\":\"Home\",\"item\":\"https:\\\/\\\/www.shawneehealth.com\\\/\"},{\"@type\":\"ListItem\",\"position\":2,\"name\":\"Washington Elementary School\"}]},{\"@type\":\"WebSite\",\"@id\":\"https:\\\/\\\/www.shawneehealth.com\\\/zh\\\/#website\",\"url\":\"https:\\\/\\\/www.shawneehealth.com\\\/zh\\\/\",\"name\":\"Shawnee Health\",\"description\":\"Your Health Home\",\"publisher\":{\"@id\":\"https:\\\/\\\/www.shawneehealth.com\\\/zh\\\/#organization\"},\"potentialAction\":[{\"@type\":\"SearchAction\",\"target\":{\"@type\":\"EntryPoint\",\"urlTemplate\":\"https:\\\/\\\/www.shawneehealth.com\\\/zh\\\/?s={search_term_string}\"},\"query-input\":{\"@type\":\"PropertyValueSpecification\",\"valueRequired\":true,\"valueName\":\"search_term_string\"}}],\"inLanguage\":\"es\"},{\"@type\":\"Organization\",\"@id\":\"https:\\\/\\\/www.shawneehealth.com\\\/zh\\\/#organization\",\"name\":\"Shawnee Health Service\",\"url\":\"https:\\\/\\\/www.shawneehealth.com\\\/zh\\\/\",\"logo\":{\"@type\":\"ImageObject\",\"inLanguage\":\"es\",\"@id\":\"https:\\\/\\\/www.shawneehealth.com\\\/zh\\\/#\\\/schema\\\/logo\\\/image\\\/\",\"url\":\"https:\\\/\\\/www.shawneehealth.com\\\/wp-content\\\/uploads\\\/2022\\\/08\\\/Shawnee-Color-S-e1660838796930.png\",\"contentUrl\":\"https:\\\/\\\/www.shawneehealth.com\\\/wp-content\\\/uploads\\\/2022\\\/08\\\/Shawnee-Color-S-e1660838796930.png\",\"width\":300,\"height\":332,\"caption\":\"Shawnee Health Service\"},\"image\":{\"@id\":\"https:\\\/\\\/www.shawneehealth.com\\\/zh\\\/#\\\/schema\\\/logo\\\/image\\\/\"},\"sameAs\":[\"https:\\\/\\\/www.facebook.com\\\/shawneehealthservice\\\/\",\"https:\\\/\\\/www.linkedin.com\\\/company\\\/shawnee-health-service\\\/\",\"https:\\\/\\\/www.youtube.com\\\/channel\\\/UCY7I0On_12NT5noj3PeCg4g\"]}]}<\/script>\n<!-- \/ Yoast SEO Premium plugin. -->","yoast_head_json":{"title":"Escuela primaria Washington \u00b7 Shawnee Health","robots":{"index":"index","follow":"follow","max-snippet":"max-snippet:-1","max-image-preview":"max-image-preview:large","max-video-preview":"max-video-preview:-1"},"canonical":"https:\/\/www.shawneehealth.com\/es\/washington-elementary-school\/","og_locale":"es_MX","og_type":"article","og_title":"Washington Elementary School","og_url":"https:\/\/www.shawneehealth.com\/es\/washington-elementary-school\/","og_site_name":"Shawnee Health","article_publisher":"https:\/\/www.facebook.com\/shawneehealthservice\/","article_modified_time":"2024-06-12T21:31:27+00:00","og_image":[{"width":340,"height":136,"url":"https:\/\/www.shawneehealth.com\/wp-content\/uploads\/2022\/08\/Shawnee-Color-e1660838904236.jpg","type":"image\/jpeg"}],"twitter_card":"summary_large_image","schema":{"@context":"https:\/\/schema.org","@graph":[{"@type":"WebPage","@id":"https:\/\/www.shawneehealth.com\/washington-elementary-school\/","url":"https:\/\/www.shawneehealth.com\/washington-elementary-school\/","name":"Escuela primaria Washington \u00b7 Shawnee Health","isPartOf":{"@id":"https:\/\/www.shawneehealth.com\/zh\/#website"},"datePublished":"2023-09-28T15:30:56+00:00","dateModified":"2024-06-12T21:31:27+00:00","breadcrumb":{"@id":"https:\/\/www.shawneehealth.com\/washington-elementary-school\/#breadcrumb"},"inLanguage":"es","potentialAction":[{"@type":"ReadAction","target":["https:\/\/www.shawneehealth.com\/washington-elementary-school\/"]}]},{"@type":"BreadcrumbList","@id":"https:\/\/www.shawneehealth.com\/washington-elementary-school\/#breadcrumb","itemListElement":[{"@type":"ListItem","position":1,"name":"Home","item":"https:\/\/www.shawneehealth.com\/"},{"@type":"ListItem","position":2,"name":"Washington Elementary School"}]},{"@type":"WebSite","@id":"https:\/\/www.shawneehealth.com\/zh\/#website","url":"https:\/\/www.shawneehealth.com\/zh\/","name":"Salud de Shawnee","description":"Tu hogar de salud","publisher":{"@id":"https:\/\/www.shawneehealth.com\/zh\/#organization"},"potentialAction":[{"@type":"SearchAction","target":{"@type":"EntryPoint","urlTemplate":"https:\/\/www.shawneehealth.com\/zh\/?s={search_term_string}"},"query-input":{"@type":"PropertyValueSpecification","valueRequired":true,"valueName":"search_term_string"}}],"inLanguage":"es"},{"@type":"Organization","@id":"https:\/\/www.shawneehealth.com\/zh\/#organization","name":"Servicio de salud de Shawnee","url":"https:\/\/www.shawneehealth.com\/zh\/","logo":{"@type":"ImageObject","inLanguage":"es","@id":"https:\/\/www.shawneehealth.com\/zh\/#\/schema\/logo\/image\/","url":"https:\/\/www.shawneehealth.com\/wp-content\/uploads\/2022\/08\/Shawnee-Color-S-e1660838796930.png","contentUrl":"https:\/\/www.shawneehealth.com\/wp-content\/uploads\/2022\/08\/Shawnee-Color-S-e1660838796930.png","width":300,"height":332,"caption":"Shawnee Health Service"},"image":{"@id":"https:\/\/www.shawneehealth.com\/zh\/#\/schema\/logo\/image\/"},"sameAs":["https:\/\/www.facebook.com\/shawneehealthservice\/","https:\/\/www.linkedin.com\/company\/shawnee-health-service\/","https:\/\/www.youtube.com\/channel\/UCY7I0On_12NT5noj3PeCg4g"]}]}},"_links":{"self":[{"href":"https:\/\/www.shawneehealth.com\/es\/wp-json\/wp\/v2\/pages\/7738","targetHints":{"allow":["GET"]}}],"collection":[{"href":"https:\/\/www.shawneehealth.com\/es\/wp-json\/wp\/v2\/pages"}],"about":[{"href":"https:\/\/www.shawneehealth.com\/es\/wp-json\/wp\/v2\/types\/page"}],"author":[{"embeddable":true,"href":"https:\/\/www.shawneehealth.com\/es\/wp-json\/wp\/v2\/users\/7"}],"replies":[{"embeddable":true,"href":"https:\/\/www.shawneehealth.com\/es\/wp-json\/wp\/v2\/comments?post=7738"}],"version-history":[{"count":0,"href":"https:\/\/www.shawneehealth.com\/es\/wp-json\/wp\/v2\/pages\/7738\/revisions"}],"wp:attachment":[{"href":"https:\/\/www.shawneehealth.com\/es\/wp-json\/wp\/v2\/media?parent=7738"}],"curies":[{"name":"wp","href":"https:\/\/api.w.org\/{rel}","templated":true}]}}